{"id":1024,"date":"2024-12-03T15:39:21","date_gmt":"2024-12-03T14:39:21","guid":{"rendered":"https:\/\/www.tierarztmobil.ch\/?page_id=1024"},"modified":"2024-12-23T20:11:58","modified_gmt":"2024-12-23T19:11:58","slug":"tierarzt-notfaelle","status":"publish","type":"page","link":"https:\/\/www.tierarztmobil.ch\/de\/leistungen-mobile-tierarztpraxis\/tierarzt-notfaelle\/","title":{"rendered":"Tierarzt Notf\u00e4lle"},"content":{"rendered":"\t\t<div data-elementor-type=\"wp-page\" data-elementor-id=\"1024\" class=\"elementor elementor-1024\" data-elementor-post-type=\"page\">\n\t\t\t\t<div class=\"elementor-element elementor-element-3a6c6d39 e-con-full e-flex e-con e-parent\" data-id=\"3a6c6d39\" data-element_type=\"container\" data-e-type=\"container\">\n\t\t<div class=\"elementor-element elementor-element-25810874 e-con-full e-flex e-con e-child\" data-id=\"25810874\" data-element_type=\"container\" data-e-type=\"container\" data-settings=\"{&quot;background_background&quot;:&quot;classic&quot;}\">\n\t\t\t\t<div class=\"elementor-element elementor-element-9367dd9 elementor-widget elementor-widget-image\" data-id=\"9367dd9\" data-element_type=\"widget\" data-e-type=\"widget\" data-widget_type=\"image.default\">\n\t\t\t\t<div class=\"elementor-widget-container\">\n\t\t\t\t\t\t\t\t\t\t\t\t\t\t\t<img fetchpriority=\"high\" decoding=\"async\" width=\"683\" height=\"1024\" src=\"https:\/\/www.tierarztmobil.ch\/wp-content\/uploads\/2024\/10\/24_09_02_Fotos_HP_Nina_42-683x1024.webp\" class=\"attachment-large size-large wp-image-481\" alt=\"Mobile Tier\u00e4rztin begr\u00fcsst zum Hausbesuch Hund und Halterin an der T\u00fcr\" srcset=\"https:\/\/www.tierarztmobil.ch\/wp-content\/uploads\/2024\/10\/24_09_02_Fotos_HP_Nina_42-683x1024.webp 683w, https:\/\/www.tierarztmobil.ch\/wp-content\/uploads\/2024\/10\/24_09_02_Fotos_HP_Nina_42-200x300.webp 200w, https:\/\/www.tierarztmobil.ch\/wp-content\/uploads\/2024\/10\/24_09_02_Fotos_HP_Nina_42-768x1152.webp 768w, https:\/\/www.tierarztmobil.ch\/wp-content\/uploads\/2024\/10\/24_09_02_Fotos_HP_Nina_42-1024x1536.webp 1024w, https:\/\/www.tierarztmobil.ch\/wp-content\/uploads\/2024\/10\/24_09_02_Fotos_HP_Nina_42-scaled.webp 1280w, https:\/\/www.tierarztmobil.ch\/wp-content\/uploads\/2024\/10\/24_09_02_Fotos_HP_Nina_42-8x12.webp 8w\" sizes=\"(max-width: 683px) 100vw, 683px\" \/>\t\t\t\t\t\t\t\t\t\t\t\t\t\t\t<\/div>\n\t\t\t\t<\/div>\n\t\t\t\t<\/div>\n\t\t<div class=\"elementor-element elementor-element-73cb59ad e-con-full e-flex e-con e-child\" data-id=\"73cb59ad\" data-element_type=\"container\" data-e-type=\"container\">\n\t\t\t\t<div class=\"elementor-element elementor-element-1b28316a elementor-widget elementor-widget-heading\" data-id=\"1b28316a\" data-element_type=\"widget\" data-e-type=\"widget\" data-widget_type=\"heading.default\">\n\t\t\t\t<div class=\"elementor-widget-container\">\n\t\t\t\t\t<h1 class=\"elementor-heading-title elementor-size-default\">Tier\u00e4rztin <br>f\u00fcr Notf\u00e4lle<\/h1>\t\t\t\t<\/div>\n\t\t\t\t<\/div>\n\t\t\t\t<div class=\"elementor-element elementor-element-6cce3241 elementor-widget elementor-widget-text-editor\" data-id=\"6cce3241\" data-element_type=\"widget\" data-e-type=\"widget\" data-widget_type=\"text-editor.default\">\n\t\t\t\t<div class=\"elementor-widget-container\">\n\t\t\t\t\t\t\t\t\t<div id=\"bgLayers_comp-la2kuv30\" class=\"MW5IWV\" data-hook=\"bgLayers\" data-motion-part=\"BG_LAYER\"><div id=\"bgLayers_comp-lzbdd6bq\" class=\"MW5IWV\" data-hook=\"bgLayers\" data-motion-part=\"BG_LAYER\"><div id=\"bgMedia_comp-lzbdd6bq\" class=\"VgO9Yg\" data-motion-part=\"BG_MEDIA\"><span class=\"wixui-rich-text__text\">Als mobile Tier\u00e4rztin bin ich auch f\u00fcr kleinere Notf\u00e4lle* bei Ihrer Katze oder Ihrem Hund f\u00fcr Sie da. <\/span><\/div><div class=\"VgO9Yg\" data-motion-part=\"BG_MEDIA\"><span class=\"wixui-rich-text__text\">Sie d\u00fcrfen mich gerne auch ausserhalb der regul\u00e4ren Sprechstundezeiten anrufen<\/span>. Gemeinsam k\u00f6nnen wir dann besprechen, ob ein Hausbesuch Sinn macht, oder ob aufgrund der Symptome Ihres Haustiers ein Besuch in einer Praxis sinnvoller ist.\u00a0<\/div><div data-motion-part=\"BG_MEDIA\">Da ich eine Ein-Frau-Praxis bin und kleine Kinder zuhause habe, kann ich keine fixen Notdienstzeiten \/ Notfalltelefonzeiten garantieren. Wann immer m\u00f6glich, versuche ich es mir nat\u00fcrlich einzurichten. Kontaktieren Sie mich einfach telefonisch oder via WhatsApp.<\/div><\/div><div class=\"\" data-mesh-id=\"comp-lzbdd6bqinlineContent\" data-testid=\"inline-content\"><div data-mesh-id=\"comp-lzbdd6bqinlineContent-gridContainer\" data-testid=\"mesh-container-content\"><div id=\"comp-lzbdd6c91\" class=\"HcOXKn c9GqVL QxJLC3 lq2cno comp-lzbdd6c91 wixui-rich-text\" data-testid=\"richTextElement\"><p class=\"font_7 wixui-rich-text__text\"><span class=\"color_42 wixui-rich-text__text\"><span class=\"wixui-rich-text__text\">*Achtung: Bei lebensbedrohlichen \/ intensivmedizinischen Notf\u00e4llen (Atemnot, Trauma wie z.B. Autounfall, Verdacht auf Magendrehung usw.) suchen Sie bitte sofort eine Praxis\/Klinik in Ihrer N\u00e4he auf!<\/span><\/span><\/p><p class=\"font_7 wixui-rich-text__text\"><span class=\"color_42 wixui-rich-text__text\"><span class=\"wixui-rich-text__text\">Tierkliniken mit 24-Stunden-Notfalldienst in der Umgebung:\u00a0<\/span><\/span><\/p><p class=\"font_7 wixui-rich-text__text\"><span class=\"color_42 wixui-rich-text__text\"><span class=\"wixui-rich-text__text\">\u2013\u00a0<a class=\"wixui-rich-text__text\" href=\"https:\/\/www.marigin.ch\/notfall.html\" target=\"_blank\" rel=\"noreferrer noopener\">Marigin Zentrum f\u00fcr Tiermedizin, Feusisberg<\/a><\/span><\/span><\/p><p class=\"font_7 wixui-rich-text__text\"><span class=\"color_42 wixui-rich-text__text\"><span class=\"wixui-rich-text__text\">\u2013\u00a0<a class=\"wixui-rich-text__text\" href=\"https:\/\/www.tierspital.uzh.ch\/notfall\/\" target=\"_blank\" rel=\"noreferrer noopener\">Tierspital Z\u00fcrich<\/a><\/span><\/span><\/p><p class=\"font_7 wixui-rich-text__text\"><span class=\"color_42 wixui-rich-text__text\"><span class=\"wixui-rich-text__text\">\u2013\u00a0<a class=\"wixui-rich-text__text\" href=\"https:\/\/www.ennetseeklinik.ch\/notfalldienst\" target=\"_blank\" rel=\"noreferrer noopener\">ENNETSee Klinik f\u00fcr Kleintiere, H\u00fcnenberg<\/a><\/span><\/span><\/p><p class=\"font_7 wixui-rich-text__text\">\u00a0<\/p><\/div><\/div><\/div><\/div>\t\t\t\t\t\t\t\t<\/div>\n\t\t\t\t<\/div>\n\t\t\t\t<\/div>\n\t\t\t\t<\/div>\n\t\t<div class=\"elementor-element elementor-element-4192949 e-grid e-con-boxed e-con e-parent\" data-id=\"4192949\" data-element_type=\"container\" data-e-type=\"container\">\n\t\t\t\t\t<div class=\"e-con-inner\">\n\t\t\t\t<div class=\"elementor-element elementor-element-2248839 elementor-align-center elementor-widget-mobile__width-inherit elementor-invisible elementor-widget elementor-widget-button\" data-id=\"2248839\" data-element_type=\"widget\" data-e-type=\"widget\" data-settings=\"{&quot;_animation&quot;:&quot;fadeInDown&quot;}\" data-widget_type=\"button.default\">\n\t\t\t\t<div class=\"elementor-widget-container\">\n\t\t\t\t\t\t\t\t\t<div class=\"elementor-button-wrapper\">\n\t\t\t\t\t<a class=\"elementor-button elementor-button-link elementor-size-sm\" href=\"https:\/\/www.tierarztmobil.ch\/de\/leistungen-mobile-tierarztpraxis\/impfungen-katze-hund\/\">\n\t\t\t\t\t\t<span class=\"elementor-button-content-wrapper\">\n\t\t\t\t\t\t\t\t\t<span class=\"elementor-button-text\">Impfungen und Vorsorge<\/span>\n\t\t\t\t\t<\/span>\n\t\t\t\t\t<\/a>\n\t\t\t\t<\/div>\n\t\t\t\t\t\t\t\t<\/div>\n\t\t\t\t<\/div>\n\t\t\t\t<div class=\"elementor-element elementor-element-b703280 elementor-align-center elementor-widget-mobile__width-inherit elementor-invisible elementor-widget elementor-widget-button\" data-id=\"b703280\" data-element_type=\"widget\" data-e-type=\"widget\" data-settings=\"{&quot;_animation&quot;:&quot;fadeInDown&quot;}\" data-widget_type=\"button.default\">\n\t\t\t\t<div class=\"elementor-widget-container\">\n\t\t\t\t\t\t\t\t\t<div class=\"elementor-button-wrapper\">\n\t\t\t\t\t<a class=\"elementor-button elementor-button-link elementor-size-sm\" href=\"https:\/\/www.tierarztmobil.ch\/de\/leistungen-mobile-tierarztpraxis\/tierarzt-hausbesuch\/\">\n\t\t\t\t\t\t<span class=\"elementor-button-content-wrapper\">\n\t\t\t\t\t\t\t\t\t<span class=\"elementor-button-text\">Medizinische Grundversorgung<\/span>\n\t\t\t\t\t<\/span>\n\t\t\t\t\t<\/a>\n\t\t\t\t<\/div>\n\t\t\t\t\t\t\t\t<\/div>\n\t\t\t\t<\/div>\n\t\t\t\t<div class=\"elementor-element elementor-element-f14d409 elementor-align-center elementor-widget-mobile__width-inherit elementor-invisible elementor-widget elementor-widget-button\" data-id=\"f14d409\" data-element_type=\"widget\" data-e-type=\"widget\" data-settings=\"{&quot;_animation&quot;:&quot;fadeInDown&quot;}\" data-widget_type=\"button.default\">\n\t\t\t\t<div class=\"elementor-widget-container\">\n\t\t\t\t\t\t\t\t\t<div class=\"elementor-button-wrapper\">\n\t\t\t\t\t<a class=\"elementor-button elementor-button-link elementor-size-sm\" href=\"https:\/\/www.tierarztmobil.ch\/de\/leistungen-mobile-tierarztpraxis\/alte-katze-alter-hund\/\">\n\t\t\t\t\t\t<span class=\"elementor-button-content-wrapper\">\n\t\t\t\t\t\t\t\t\t<span class=\"elementor-button-text\">Seniorensprechstunde<\/span>\n\t\t\t\t\t<\/span>\n\t\t\t\t\t<\/a>\n\t\t\t\t<\/div>\n\t\t\t\t\t\t\t\t<\/div>\n\t\t\t\t<\/div>\n\t\t\t\t<div class=\"elementor-element elementor-element-39de0eb elementor-align-center elementor-widget-mobile__width-inherit elementor-invisible elementor-widget elementor-widget-button\" data-id=\"39de0eb\" data-element_type=\"widget\" data-e-type=\"widget\" data-settings=\"{&quot;_animation&quot;:&quot;fadeInDown&quot;}\" data-widget_type=\"button.default\">\n\t\t\t\t<div class=\"elementor-widget-container\">\n\t\t\t\t\t\t\t\t\t<div class=\"elementor-button-wrapper\">\n\t\t\t\t\t<a class=\"elementor-button elementor-button-link elementor-size-sm\" href=\"https:\/\/www.tierarztmobil.ch\/de\/leistungen-mobile-tierarztpraxis\/einschlaefern-zuhause\/\">\n\t\t\t\t\t\t<span class=\"elementor-button-content-wrapper\">\n\t\t\t\t\t\t\t\t\t<span class=\"elementor-button-text\">Einschl\u00e4fern zuhause<\/span>\n\t\t\t\t\t<\/span>\n\t\t\t\t\t<\/a>\n\t\t\t\t<\/div>\n\t\t\t\t\t\t\t\t<\/div>\n\t\t\t\t<\/div>\n\t\t\t\t<div class=\"elementor-element elementor-element-bd1007f elementor-align-center elementor-widget-mobile__width-inherit elementor-invisible elementor-widget elementor-widget-button\" data-id=\"bd1007f\" data-element_type=\"widget\" data-e-type=\"widget\" data-settings=\"{&quot;_animation&quot;:&quot;fadeInDown&quot;}\" data-widget_type=\"button.default\">\n\t\t\t\t<div class=\"elementor-widget-container\">\n\t\t\t\t\t\t\t\t\t<div class=\"elementor-button-wrapper\">\n\t\t\t\t\t<a class=\"elementor-button elementor-button-link elementor-size-sm\" href=\"https:\/\/www.tierarztmobil.ch\/de\/preisliste\/\">\n\t\t\t\t\t\t<span class=\"elementor-button-content-wrapper\">\n\t\t\t\t\t\t\t\t\t<span class=\"elementor-button-text\">Preisliste<\/span>\n\t\t\t\t\t<\/span>\n\t\t\t\t\t<\/a>\n\t\t\t\t<\/div>\n\t\t\t\t\t\t\t\t<\/div>\n\t\t\t\t<\/div>\n\t\t\t\t<div class=\"elementor-element elementor-element-cf99cb5 elementor-align-center elementor-widget-mobile__width-inherit elementor-invisible elementor-widget elementor-widget-button\" data-id=\"cf99cb5\" data-element_type=\"widget\" data-e-type=\"widget\" data-settings=\"{&quot;_animation&quot;:&quot;fadeInDown&quot;}\" data-widget_type=\"button.default\">\n\t\t\t\t<div class=\"elementor-widget-container\">\n\t\t\t\t\t\t\t\t\t<div class=\"elementor-button-wrapper\">\n\t\t\t\t\t<a class=\"elementor-button elementor-button-link elementor-size-sm\" href=\"https:\/\/www.tierarztmobil.ch\/de\/uebermich\/\">\n\t\t\t\t\t\t<span class=\"elementor-button-content-wrapper\">\n\t\t\t\t\t\t\t\t\t<span class=\"elementor-button-text\">\u00dcber mich<\/span>\n\t\t\t\t\t<\/span>\n\t\t\t\t\t<\/a>\n\t\t\t\t<\/div>\n\t\t\t\t\t\t\t\t<\/div>\n\t\t\t\t<\/div>\n\t\t\t\t\t<\/div>\n\t\t\t\t<\/div>\n\t\t\t\t<\/div>\n\t\t","protected":false},"excerpt":{"rendered":"<p>Tier\u00e4rztin f\u00fcr Notf\u00e4lle Als mobile Tier\u00e4rztin bin ich auch f\u00fcr kleinere Notf\u00e4lle* bei Ihrer Katze oder Ihrem Hund f\u00fcr Sie da. Sie d\u00fcrfen mich gerne auch ausserhalb der regul\u00e4ren Sprechstundezeiten anrufen. Gemeinsam k\u00f6nnen wir dann besprechen, ob ein Hausbesuch Sinn macht, oder ob aufgrund der Symptome Ihres Haustiers ein Besuch in einer Praxis sinnvoller ist.\u00a0Da [&hellip;]<\/p>\n","protected":false},"author":1,"featured_media":0,"parent":34,"menu_order":0,"comment_status":"closed","ping_status":"closed","template":"elementor_theme","meta":{"footnotes":""},"class_list":["post-1024","page","type-page","status-publish","hentry"],"yoast_head":"<!-- This site is optimized with the Yoast SEO plugin v27.3 - https:\/\/yoast.com\/product\/yoast-seo-wordpress\/ -->\n<title>Tierarzt Notf\u00e4lle - Tierarztmobil Dr. med. vet. Nina R\u00f6singer<\/title>\n<meta name=\"description\" content=\"Ihre Katze oder Ihr Hund hat einen Notfall? Finden Sie heraus, ob ein Hausbesuch von der Tier\u00e4rztin Ihnem Vierbeiner helfen kann.\" \/>\n<meta name=\"robots\" content=\"index, follow, max-snippet:-1, max-image-preview:large, max-video-preview:-1\" \/>\n<link rel=\"canonical\" href=\"https:\/\/www.tierarztmobil.ch\/de\/leistungen-mobile-tierarztpraxis\/tierarzt-notfaelle\/\" \/>\n<meta property=\"og:locale\" content=\"de_DE\" \/>\n<meta property=\"og:type\" content=\"article\" \/>\n<meta property=\"og:title\" content=\"Tierarzt Notf\u00e4lle - Tierarztmobil Dr. med. vet. Nina R\u00f6singer\" \/>\n<meta property=\"og:description\" content=\"Ihre Katze oder Ihr Hund hat einen Notfall? Finden Sie heraus, ob ein Hausbesuch von der Tier\u00e4rztin Ihnem Vierbeiner helfen kann.\" \/>\n<meta property=\"og:url\" content=\"https:\/\/www.tierarztmobil.ch\/de\/leistungen-mobile-tierarztpraxis\/tierarzt-notfaelle\/\" \/>\n<meta property=\"og:site_name\" content=\"Tierarztmobil Dr. med. vet. Nina R\u00f6singer\" \/>\n<meta property=\"article:publisher\" content=\"https:\/\/www.facebook.com\/tierarztmobilNR\" \/>\n<meta property=\"article:modified_time\" content=\"2024-12-23T19:11:58+00:00\" \/>\n<meta property=\"og:image\" content=\"https:\/\/www.tierarztmobil.ch\/wp-content\/uploads\/2024\/10\/24_09_02_Fotos_HP_Nina_42-683x1024.webp\" \/>\n<meta name=\"twitter:card\" content=\"summary_large_image\" \/>\n<meta name=\"twitter:label1\" content=\"Gesch\u00e4tzte Lesezeit\" \/>\n\t<meta name=\"twitter:data1\" content=\"1\u00a0Minute\" \/>\n<script type=\"application\/ld+json\" class=\"yoast-schema-graph\">{\"@context\":\"https:\\\/\\\/schema.org\",\"@graph\":[{\"@type\":\"WebPage\",\"@id\":\"https:\\\/\\\/www.tierarztmobil.ch\\\/leistungen-mobile-tierarztpraxis\\\/tierarzt-notfaelle\\\/\",\"url\":\"https:\\\/\\\/www.tierarztmobil.ch\\\/leistungen-mobile-tierarztpraxis\\\/tierarzt-notfaelle\\\/\",\"name\":\"Tierarzt Notf\u00e4lle - Tierarztmobil Dr. med. vet. Nina R\u00f6singer\",\"isPartOf\":{\"@id\":\"https:\\\/\\\/www.tierarztmobil.ch\\\/#website\"},\"primaryImageOfPage\":{\"@id\":\"https:\\\/\\\/www.tierarztmobil.ch\\\/leistungen-mobile-tierarztpraxis\\\/tierarzt-notfaelle\\\/#primaryimage\"},\"image\":{\"@id\":\"https:\\\/\\\/www.tierarztmobil.ch\\\/leistungen-mobile-tierarztpraxis\\\/tierarzt-notfaelle\\\/#primaryimage\"},\"thumbnailUrl\":\"https:\\\/\\\/www.tierarztmobil.ch\\\/wp-content\\\/uploads\\\/2024\\\/10\\\/24_09_02_Fotos_HP_Nina_42-683x1024.webp\",\"datePublished\":\"2024-12-03T14:39:21+00:00\",\"dateModified\":\"2024-12-23T19:11:58+00:00\",\"description\":\"Ihre Katze oder Ihr Hund hat einen Notfall? Finden Sie heraus, ob ein Hausbesuch von der Tier\u00e4rztin Ihnem Vierbeiner helfen kann.\",\"breadcrumb\":{\"@id\":\"https:\\\/\\\/www.tierarztmobil.ch\\\/leistungen-mobile-tierarztpraxis\\\/tierarzt-notfaelle\\\/#breadcrumb\"},\"inLanguage\":\"de-CH\",\"potentialAction\":[{\"@type\":\"ReadAction\",\"target\":[\"https:\\\/\\\/www.tierarztmobil.ch\\\/leistungen-mobile-tierarztpraxis\\\/tierarzt-notfaelle\\\/\"]}]},{\"@type\":\"ImageObject\",\"inLanguage\":\"de-CH\",\"@id\":\"https:\\\/\\\/www.tierarztmobil.ch\\\/leistungen-mobile-tierarztpraxis\\\/tierarzt-notfaelle\\\/#primaryimage\",\"url\":\"https:\\\/\\\/www.tierarztmobil.ch\\\/wp-content\\\/uploads\\\/2024\\\/10\\\/24_09_02_Fotos_HP_Nina_42-683x1024.webp\",\"contentUrl\":\"https:\\\/\\\/www.tierarztmobil.ch\\\/wp-content\\\/uploads\\\/2024\\\/10\\\/24_09_02_Fotos_HP_Nina_42-683x1024.webp\"},{\"@type\":\"BreadcrumbList\",\"@id\":\"https:\\\/\\\/www.tierarztmobil.ch\\\/leistungen-mobile-tierarztpraxis\\\/tierarzt-notfaelle\\\/#breadcrumb\",\"itemListElement\":[{\"@type\":\"ListItem\",\"position\":1,\"name\":\"Home\",\"item\":\"https:\\\/\\\/www.tierarztmobil.ch\\\/\"},{\"@type\":\"ListItem\",\"position\":2,\"name\":\"Leistungen\",\"item\":\"https:\\\/\\\/www.tierarztmobil.ch\\\/leistungen-mobile-tierarztpraxis\\\/\"},{\"@type\":\"ListItem\",\"position\":3,\"name\":\"Tierarzt Notf\u00e4lle\"}]},{\"@type\":\"WebSite\",\"@id\":\"https:\\\/\\\/www.tierarztmobil.ch\\\/#website\",\"url\":\"https:\\\/\\\/www.tierarztmobil.ch\\\/\",\"name\":\"Tierarztmobil Dr. med. vet. Nina R\u00f6singer\",\"description\":\"Ihre Hausbesuchstier\u00e4rztin f\u00fcr Katzen und Hunde.\",\"publisher\":{\"@id\":\"https:\\\/\\\/www.tierarztmobil.ch\\\/#organization\"},\"potentialAction\":[{\"@type\":\"SearchAction\",\"target\":{\"@type\":\"EntryPoint\",\"urlTemplate\":\"https:\\\/\\\/www.tierarztmobil.ch\\\/?s={search_term_string}\"},\"query-input\":{\"@type\":\"PropertyValueSpecification\",\"valueRequired\":true,\"valueName\":\"search_term_string\"}}],\"inLanguage\":\"de-CH\"},{\"@type\":\"Organization\",\"@id\":\"https:\\\/\\\/www.tierarztmobil.ch\\\/#organization\",\"name\":\"Tierarztmobil Dr. med. vet. Nina R\u00f6singer\",\"url\":\"https:\\\/\\\/www.tierarztmobil.ch\\\/\",\"logo\":{\"@type\":\"ImageObject\",\"inLanguage\":\"de-CH\",\"@id\":\"https:\\\/\\\/www.tierarztmobil.ch\\\/#\\\/schema\\\/logo\\\/image\\\/\",\"url\":\"https:\\\/\\\/www.tierarztmobil.ch\\\/wp-content\\\/uploads\\\/2024\\\/09\\\/Logo_Tierarztmobil_Nina-Rosinger_cmyk.webp\",\"contentUrl\":\"https:\\\/\\\/www.tierarztmobil.ch\\\/wp-content\\\/uploads\\\/2024\\\/09\\\/Logo_Tierarztmobil_Nina-Rosinger_cmyk.webp\",\"width\":1920,\"height\":678,\"caption\":\"Tierarztmobil Dr. med. vet. Nina R\u00f6singer\"},\"image\":{\"@id\":\"https:\\\/\\\/www.tierarztmobil.ch\\\/#\\\/schema\\\/logo\\\/image\\\/\"},\"sameAs\":[\"https:\\\/\\\/www.facebook.com\\\/tierarztmobilNR\",\"https:\\\/\\\/www.instagram.com\\\/tierarztmobil\"]}]}<\/script>\n<!-- \/ Yoast SEO plugin. -->","yoast_head_json":{"title":"Tierarzt Notf\u00e4lle - Tierarztmobil Dr. med. vet. Nina R\u00f6singer","description":"Ihre Katze oder Ihr Hund hat einen Notfall? Finden Sie heraus, ob ein Hausbesuch von der Tier\u00e4rztin Ihnem Vierbeiner helfen kann.","robots":{"index":"index","follow":"follow","max-snippet":"max-snippet:-1","max-image-preview":"max-image-preview:large","max-video-preview":"max-video-preview:-1"},"canonical":"https:\/\/www.tierarztmobil.ch\/de\/leistungen-mobile-tierarztpraxis\/tierarzt-notfaelle\/","og_locale":"de_DE","og_type":"article","og_title":"Tierarzt Notf\u00e4lle - Tierarztmobil Dr. med. vet. Nina R\u00f6singer","og_description":"Ihre Katze oder Ihr Hund hat einen Notfall? Finden Sie heraus, ob ein Hausbesuch von der Tier\u00e4rztin Ihnem Vierbeiner helfen kann.","og_url":"https:\/\/www.tierarztmobil.ch\/de\/leistungen-mobile-tierarztpraxis\/tierarzt-notfaelle\/","og_site_name":"Tierarztmobil Dr. med. vet. Nina R\u00f6singer","article_publisher":"https:\/\/www.facebook.com\/tierarztmobilNR","article_modified_time":"2024-12-23T19:11:58+00:00","og_image":[{"url":"https:\/\/www.tierarztmobil.ch\/wp-content\/uploads\/2024\/10\/24_09_02_Fotos_HP_Nina_42-683x1024.webp","type":"","width":"","height":""}],"twitter_card":"summary_large_image","twitter_misc":{"Gesch\u00e4tzte Lesezeit":"1\u00a0Minute"},"schema":{"@context":"https:\/\/schema.org","@graph":[{"@type":"WebPage","@id":"https:\/\/www.tierarztmobil.ch\/leistungen-mobile-tierarztpraxis\/tierarzt-notfaelle\/","url":"https:\/\/www.tierarztmobil.ch\/leistungen-mobile-tierarztpraxis\/tierarzt-notfaelle\/","name":"Tierarzt Notf\u00e4lle - Tierarztmobil Dr. med. vet. Nina R\u00f6singer","isPartOf":{"@id":"https:\/\/www.tierarztmobil.ch\/#website"},"primaryImageOfPage":{"@id":"https:\/\/www.tierarztmobil.ch\/leistungen-mobile-tierarztpraxis\/tierarzt-notfaelle\/#primaryimage"},"image":{"@id":"https:\/\/www.tierarztmobil.ch\/leistungen-mobile-tierarztpraxis\/tierarzt-notfaelle\/#primaryimage"},"thumbnailUrl":"https:\/\/www.tierarztmobil.ch\/wp-content\/uploads\/2024\/10\/24_09_02_Fotos_HP_Nina_42-683x1024.webp","datePublished":"2024-12-03T14:39:21+00:00","dateModified":"2024-12-23T19:11:58+00:00","description":"Ihre Katze oder Ihr Hund hat einen Notfall? Finden Sie heraus, ob ein Hausbesuch von der Tier\u00e4rztin Ihnem Vierbeiner helfen kann.","breadcrumb":{"@id":"https:\/\/www.tierarztmobil.ch\/leistungen-mobile-tierarztpraxis\/tierarzt-notfaelle\/#breadcrumb"},"inLanguage":"de-CH","potentialAction":[{"@type":"ReadAction","target":["https:\/\/www.tierarztmobil.ch\/leistungen-mobile-tierarztpraxis\/tierarzt-notfaelle\/"]}]},{"@type":"ImageObject","inLanguage":"de-CH","@id":"https:\/\/www.tierarztmobil.ch\/leistungen-mobile-tierarztpraxis\/tierarzt-notfaelle\/#primaryimage","url":"https:\/\/www.tierarztmobil.ch\/wp-content\/uploads\/2024\/10\/24_09_02_Fotos_HP_Nina_42-683x1024.webp","contentUrl":"https:\/\/www.tierarztmobil.ch\/wp-content\/uploads\/2024\/10\/24_09_02_Fotos_HP_Nina_42-683x1024.webp"},{"@type":"BreadcrumbList","@id":"https:\/\/www.tierarztmobil.ch\/leistungen-mobile-tierarztpraxis\/tierarzt-notfaelle\/#breadcrumb","itemListElement":[{"@type":"ListItem","position":1,"name":"Home","item":"https:\/\/www.tierarztmobil.ch\/"},{"@type":"ListItem","position":2,"name":"Leistungen","item":"https:\/\/www.tierarztmobil.ch\/leistungen-mobile-tierarztpraxis\/"},{"@type":"ListItem","position":3,"name":"Tierarzt Notf\u00e4lle"}]},{"@type":"WebSite","@id":"https:\/\/www.tierarztmobil.ch\/#website","url":"https:\/\/www.tierarztmobil.ch\/","name":"Tierarztmobil Dr. med. vet. Nina R\u00f6singer","description":"Ihre Hausbesuchstier\u00e4rztin f\u00fcr Katzen und Hunde.","publisher":{"@id":"https:\/\/www.tierarztmobil.ch\/#organization"},"potentialAction":[{"@type":"SearchAction","target":{"@type":"EntryPoint","urlTemplate":"https:\/\/www.tierarztmobil.ch\/?s={search_term_string}"},"query-input":{"@type":"PropertyValueSpecification","valueRequired":true,"valueName":"search_term_string"}}],"inLanguage":"de-CH"},{"@type":"Organization","@id":"https:\/\/www.tierarztmobil.ch\/#organization","name":"Tierarztmobil Dr. med. vet. Nina R\u00f6singer","url":"https:\/\/www.tierarztmobil.ch\/","logo":{"@type":"ImageObject","inLanguage":"de-CH","@id":"https:\/\/www.tierarztmobil.ch\/#\/schema\/logo\/image\/","url":"https:\/\/www.tierarztmobil.ch\/wp-content\/uploads\/2024\/09\/Logo_Tierarztmobil_Nina-Rosinger_cmyk.webp","contentUrl":"https:\/\/www.tierarztmobil.ch\/wp-content\/uploads\/2024\/09\/Logo_Tierarztmobil_Nina-Rosinger_cmyk.webp","width":1920,"height":678,"caption":"Tierarztmobil Dr. med. vet. Nina R\u00f6singer"},"image":{"@id":"https:\/\/www.tierarztmobil.ch\/#\/schema\/logo\/image\/"},"sameAs":["https:\/\/www.facebook.com\/tierarztmobilNR","https:\/\/www.instagram.com\/tierarztmobil"]}]}},"_links":{"self":[{"href":"https:\/\/www.tierarztmobil.ch\/de\/wp-json\/wp\/v2\/pages\/1024","targetHints":{"allow":["GET"]}}],"collection":[{"href":"https:\/\/www.tierarztmobil.ch\/de\/wp-json\/wp\/v2\/pages"}],"about":[{"href":"https:\/\/www.tierarztmobil.ch\/de\/wp-json\/wp\/v2\/types\/page"}],"author":[{"embeddable":true,"href":"https:\/\/www.tierarztmobil.ch\/de\/wp-json\/wp\/v2\/users\/1"}],"replies":[{"embeddable":true,"href":"https:\/\/www.tierarztmobil.ch\/de\/wp-json\/wp\/v2\/comments?post=1024"}],"version-history":[{"count":3,"href":"https:\/\/www.tierarztmobil.ch\/de\/wp-json\/wp\/v2\/pages\/1024\/revisions"}],"predecessor-version":[{"id":1027,"href":"https:\/\/www.tierarztmobil.ch\/de\/wp-json\/wp\/v2\/pages\/1024\/revisions\/1027"}],"up":[{"embeddable":true,"href":"https:\/\/www.tierarztmobil.ch\/de\/wp-json\/wp\/v2\/pages\/34"}],"wp:attachment":[{"href":"https:\/\/www.tierarztmobil.ch\/de\/wp-json\/wp\/v2\/media?parent=1024"}],"curies":[{"name":"wp","href":"https:\/\/api.w.org\/{rel}","templated":true}]}}