{"id":150,"date":"2024-09-09T14:47:42","date_gmt":"2024-09-09T14:47:42","guid":{"rendered":"https:\/\/www.tierarztmobil.ch\/?page_id=150"},"modified":"2025-02-04T12:05:20","modified_gmt":"2025-02-04T11:05:20","slug":"alte-katze-alter-hund","status":"publish","type":"page","link":"https:\/\/www.tierarztmobil.ch\/de\/leistungen-mobile-tierarztpraxis\/alte-katze-alter-hund\/","title":{"rendered":"Seniorensprechstunde"},"content":{"rendered":"\t\t<div data-elementor-type=\"wp-page\" data-elementor-id=\"150\" class=\"elementor elementor-150\" data-elementor-post-type=\"page\">\n\t\t\t\t<div class=\"elementor-element elementor-element-3a6c6d39 e-con-full e-flex e-con e-parent\" data-id=\"3a6c6d39\" data-element_type=\"container\" data-e-type=\"container\">\n\t\t<div class=\"elementor-element elementor-element-25810874 e-con-full e-flex e-con e-child\" data-id=\"25810874\" data-element_type=\"container\" data-e-type=\"container\" data-settings=\"{&quot;background_background&quot;:&quot;classic&quot;}\">\n\t\t\t\t<div class=\"elementor-element elementor-element-b074063 elementor-widget elementor-widget-image\" data-id=\"b074063\" data-element_type=\"widget\" data-e-type=\"widget\" data-widget_type=\"image.default\">\n\t\t\t\t<div class=\"elementor-widget-container\">\n\t\t\t\t\t\t\t\t\t\t\t\t\t\t\t<img decoding=\"async\" src=\"https:\/\/www.tierarztmobil.ch\/wp-content\/uploads\/elementor\/thumbs\/24_09_02_Fotos_HP_Nina_4-scaled-qvr68rqtz3vpl52up3tiu1li5lk303exemw1nol81s.jpg\" title=\"Mobile Tier\u00e4rztin Untersuchung Hund Stehen 2\" alt=\"Mobile Tier\u00e4rztin untersucht Hund im Hausbesuch\" loading=\"lazy\" \/>\t\t\t\t\t\t\t\t\t\t\t\t\t\t\t<\/div>\n\t\t\t\t<\/div>\n\t\t\t\t<\/div>\n\t\t<div class=\"elementor-element elementor-element-73cb59ad e-con-full e-flex e-con e-child\" data-id=\"73cb59ad\" data-element_type=\"container\" data-e-type=\"container\">\n\t\t\t\t<div class=\"elementor-element elementor-element-1b28316a elementor-widget elementor-widget-heading\" data-id=\"1b28316a\" data-element_type=\"widget\" data-e-type=\"widget\" data-widget_type=\"heading.default\">\n\t\t\t\t<div class=\"elementor-widget-container\">\n\t\t\t\t\t<h1 class=\"elementor-heading-title elementor-size-default\">Senioren-\nSprechstunde<\/h1>\t\t\t\t<\/div>\n\t\t\t\t<\/div>\n\t\t\t\t<div class=\"elementor-element elementor-element-6cce3241 elementor-widget elementor-widget-text-editor\" data-id=\"6cce3241\" data-element_type=\"widget\" data-e-type=\"widget\" data-widget_type=\"text-editor.default\">\n\t\t\t\t<div class=\"elementor-widget-container\">\n\t\t\t\t\t\t\t\t\t<p>Unsere Haustiere werden gl\u00fccklicherweise immer \u00e4lter. Ein alter Hund oder eine alte Katze bringt aber ganz neue Bed\u00fcrfnisse und Herausforderungen mit sich.<br \/><span style=\"color: var( --e-global-color-text ); font-family: var( --e-global-typography-text-font-family ), Sans-serif; font-size: var( --e-global-typography-text-font-size ); font-style: var( --e-global-typography-text-font-style ); font-weight: var( --e-global-typography-text-font-weight ); letter-spacing: var( --e-global-typography-text-letter-spacing ); text-transform: var( --e-global-typography-text-text-transform ); text-align: var(--text-align); background-color: var( --e-global-color-c696dce );\">Gemeinsam sorgen wir f\u00fcr die bestm\u00f6gliche Lebensqualit\u00e4t in den &#171;silbernen Jahren&#187;.<\/span><\/p>\t\t\t\t\t\t\t\t<\/div>\n\t\t\t\t<\/div>\n\t\t\t\t<div class=\"elementor-element elementor-element-bd022b0 elementor-align-center elementor-widget-mobile__width-inherit elementor-invisible elementor-widget elementor-widget-button\" data-id=\"bd022b0\" data-element_type=\"widget\" data-e-type=\"widget\" data-settings=\"{&quot;_animation&quot;:&quot;fadeInDown&quot;}\" data-widget_type=\"button.default\">\n\t\t\t\t<div class=\"elementor-widget-container\">\n\t\t\t\t\t\t\t\t\t<div class=\"elementor-button-wrapper\">\n\t\t\t\t\t<a class=\"elementor-button elementor-button-link elementor-size-sm\" href=\"https:\/\/www.tierarztmobil.ch\/wp-content\/uploads\/2025\/02\/Lebensqualitat-Katze-und-Hund.pdf\" target=\"_blank\">\n\t\t\t\t\t\t<span class=\"elementor-button-content-wrapper\">\n\t\t\t\t\t\t\t\t\t<span class=\"elementor-button-text\">Download: Fragebogen zur Lebensqualit\u00e4t Katze\/Hund<\/span>\n\t\t\t\t\t<\/span>\n\t\t\t\t\t<\/a>\n\t\t\t\t<\/div>\n\t\t\t\t\t\t\t\t<\/div>\n\t\t\t\t<\/div>\n\t\t\t\t<div class=\"elementor-element elementor-element-cc12d8e elementor-align-center elementor-widget-mobile__width-inherit elementor-invisible elementor-widget elementor-widget-button\" data-id=\"cc12d8e\" data-element_type=\"widget\" data-e-type=\"widget\" data-settings=\"{&quot;_animation&quot;:&quot;fadeInDown&quot;}\" data-widget_type=\"button.default\">\n\t\t\t\t<div class=\"elementor-widget-container\">\n\t\t\t\t\t\t\t\t\t<div class=\"elementor-button-wrapper\">\n\t\t\t\t\t<a class=\"elementor-button elementor-button-link elementor-size-sm\" href=\"https:\/\/www.tierarztmobil.ch\/wp-content\/uploads\/2025\/02\/Schmerzanzeichen-bei-der-Katze.pdf\" target=\"_blank\">\n\t\t\t\t\t\t<span class=\"elementor-button-content-wrapper\">\n\t\t\t\t\t\t\t\t\t<span class=\"elementor-button-text\">Download: Hat meine Katze Schmerzen?<\/span>\n\t\t\t\t\t<\/span>\n\t\t\t\t\t<\/a>\n\t\t\t\t<\/div>\n\t\t\t\t\t\t\t\t<\/div>\n\t\t\t\t<\/div>\n\t\t\t\t<\/div>\n\t\t\t\t<\/div>\n\t\t<div class=\"elementor-element elementor-element-1d1f31e e-flex e-con-boxed e-con e-parent\" data-id=\"1d1f31e\" data-element_type=\"container\" data-e-type=\"container\">\n\t\t\t\t\t<div class=\"e-con-inner\">\n\t\t\t\t<div class=\"elementor-element elementor-element-306dfbbe elementor-cta--layout-image-right elementor-cta--valign-middle elementor-cta--mobile-layout-image-above elementor-cta--skin-classic elementor-animated-content elementor-bg-transform elementor-bg-transform-zoom-in elementor-widget elementor-widget-call-to-action\" data-id=\"306dfbbe\" data-element_type=\"widget\" data-e-type=\"widget\" id=\"service_1\" data-widget_type=\"call-to-action.default\">\n\t\t\t\t<div class=\"elementor-widget-container\">\n\t\t\t\t\t\t\t<div class=\"elementor-cta\">\n\t\t\t\t\t<div class=\"elementor-cta__bg-wrapper\">\n\t\t\t\t<div class=\"elementor-cta__bg elementor-bg\" style=\"background-image: url(https:\/\/www.tierarztmobil.ch\/wp-content\/uploads\/2024\/10\/24_09_02_Fotos_HP_Nina_35-scaled.webp);\" role=\"img\" aria-label=\"Mobile Tier\u00e4rztin untersucht Katze zuhause\"><\/div>\n\t\t\t\t<div class=\"elementor-cta__bg-overlay\"><\/div>\n\t\t\t<\/div>\n\t\t\t\t\t\t\t<div class=\"elementor-cta__content\">\n\t\t\t\t\n\t\t\t\t\t\t\t\t\t<h4 class=\"elementor-cta__title elementor-cta__content-item elementor-content-item\">\n\t\t\t\t\t\tDemenz\t\t\t\t\t<\/h4>\n\t\t\t\t\n\t\t\t\t\t\t\t\t\t<div class=\"elementor-cta__description elementor-cta__content-item elementor-content-item\">\n\t\t\t\t\t\tNicht nur der K\u00f6rper unserer Haustiere altert, sondern auch der Geist. Pl\u00f6tzlich schreit die alte Katze nachts. Oder der alte Hund steht verwirrt in der Ecke und starrt die Wand an. Wird Ihre alte Katze unsauber und uriniert oder kotet in die Wohnung? Vergisst Ihr Haustier vielleicht sogar das Fressen, oder kann es nachts nicht mehr schlafen? Dies k\u00f6nnen alles Anzeichen von einer kognitiven Dysfunktion (umgangssprachlich Demenz) sein. Dieser Prozess kann nicht gestoppt, aber verlangsamt werden. Ich zeige Ihnen Tipps und Tricks, um die Gehirnleistung Ihres Tiers zu f\u00f6rdern und das Zusammenleben wieder angenehmer zu gestalten. Wo n\u00f6tig, kommen Medikamente (meist pflanzliche) zum Einsatz.\t\t\t\t\t<\/div>\n\t\t\t\t\n\t\t\t\t\t\t\t<\/div>\n\t\t\t\t\t\t<\/div>\n\t\t\t\t\t\t<\/div>\n\t\t\t\t<\/div>\n\t\t\t\t<div class=\"elementor-element elementor-element-4dfea02f elementor-cta--layout-image-left elementor-cta--valign-middle elementor-cta--mobile-layout-image-above elementor-cta--skin-classic elementor-animated-content elementor-bg-transform elementor-bg-transform-zoom-in elementor-widget elementor-widget-call-to-action\" data-id=\"4dfea02f\" data-element_type=\"widget\" data-e-type=\"widget\" id=\"service_2\" data-widget_type=\"call-to-action.default\">\n\t\t\t\t<div class=\"elementor-widget-container\">\n\t\t\t\t\t\t\t<div class=\"elementor-cta\">\n\t\t\t\t\t<div class=\"elementor-cta__bg-wrapper\">\n\t\t\t\t<div class=\"elementor-cta__bg elementor-bg\" style=\"background-image: url(https:\/\/www.tierarztmobil.ch\/wp-content\/uploads\/2024\/10\/24_09_02_Fotos_HP_Nina_16-scaled.jpg);\" role=\"img\" aria-label=\"Mobile Tier\u00e4rztin untersucht Pfote des Hundes im Hausbesuch\"><\/div>\n\t\t\t\t<div class=\"elementor-cta__bg-overlay\"><\/div>\n\t\t\t<\/div>\n\t\t\t\t\t\t\t<div class=\"elementor-cta__content\">\n\t\t\t\t\n\t\t\t\t\t\t\t\t\t<h4 class=\"elementor-cta__title elementor-cta__content-item elementor-content-item\">\n\t\t\t\t\t\tArthrose\t\t\t\t\t<\/h4>\n\t\t\t\t\n\t\t\t\t\t\t\t\t\t<div class=\"elementor-cta__description elementor-cta__content-item elementor-content-item\">\n\t\t\t\t\t\tBis zu 90% der alten Katzen und alten Hunde leiden unter Arthrose. Als Besitzer sind Sie vielleicht unsicher: Hat meine Katze, mein Hund Schmerzen? Die hilfreichste Massnahme, die in der tier\u00e4rztlichen Sprechstunde oft vernachl\u00e4ssigt wird, ist das Anpassen des Umfelds an den Senioren mit Gelenkschmerzen. Dazu berate ich Sie gern. Ebenfalls zeige ich Ihnen moderne Mittel zur Schmerzbek\u00e4mpfung auf und kl\u00e4re Sie genau \u00fcber Wirkung und Nebenwirkung auf, sodass wir gemeinsam den passenden Therapieplan f\u00fcr Ihren Hund oder Ihre Katze zusammenstellen k\u00f6nnen.\t\t\t\t\t<\/div>\n\t\t\t\t\n\t\t\t\t\t\t\t<\/div>\n\t\t\t\t\t\t<\/div>\n\t\t\t\t\t\t<\/div>\n\t\t\t\t<\/div>\n\t\t\t\t<div class=\"elementor-element elementor-element-54e33139 elementor-cta--layout-image-right elementor-cta--valign-middle elementor-cta--mobile-layout-image-above elementor-cta--skin-classic elementor-animated-content elementor-bg-transform elementor-bg-transform-zoom-in elementor-widget elementor-widget-call-to-action\" data-id=\"54e33139\" data-element_type=\"widget\" data-e-type=\"widget\" id=\"service_3\" data-widget_type=\"call-to-action.default\">\n\t\t\t\t<div class=\"elementor-widget-container\">\n\t\t\t\t\t\t\t<div class=\"elementor-cta\">\n\t\t\t\t\t<div class=\"elementor-cta__bg-wrapper\">\n\t\t\t\t<div class=\"elementor-cta__bg elementor-bg\" style=\"background-image: url(https:\/\/www.tierarztmobil.ch\/wp-content\/uploads\/2024\/10\/24_09_02_Fotos_HP_Nina_48-scaled.jpg);\" role=\"img\" aria-label=\"Tier\u00e4rztin untersucht Katze im Hausbesuch\"><\/div>\n\t\t\t\t<div class=\"elementor-cta__bg-overlay\"><\/div>\n\t\t\t<\/div>\n\t\t\t\t\t\t\t<div class=\"elementor-cta__content\">\n\t\t\t\t\n\t\t\t\t\t\t\t\t\t<h4 class=\"elementor-cta__title elementor-cta__content-item elementor-content-item\">\n\t\t\t\t\t\tSchmerzen und chronische Erkrankungen\t\t\t\t\t<\/h4>\n\t\t\t\t\n\t\t\t\t\t\t\t\t\t<div class=\"elementor-cta__description elementor-cta__content-item elementor-content-item\">\n\t\t\t\t\t\tUnsere Haustiere - insbesondere Katzen - sind Meister darin, Ihre Schmerzen zu verbergen. Vielleicht zieht sich Ihre Katze zur\u00fcck und schl\u00e4ft nur noch. Oder Ihr Hund hechelt pl\u00f6tzlich viel. Oft denken Tierbesitzer, dass Ihre alte Katze oder Ihr alter Hund \"einfach abgegeben hat\". Oft liegen aber chronische Erkrankungen und\/oder Schmerzen diesen Wesensver\u00e4nderungen zugrunde. Gemeinsam analysieren wir die Lebensqualit\u00e4t Ihres vierpfotigen Begleiters und suchen nach m\u00f6glichen Ursachen. Auch eine Blutentnahme zum pr\u00e4ventiven Alterscheck kann hilfreich sein. \t\t\t\t\t<\/div>\n\t\t\t\t\n\t\t\t\t\t\t\t\t\t<div class=\"elementor-cta__button-wrapper elementor-cta__content-item elementor-content-item \">\n\t\t\t\t\t<a class=\"elementor-cta__button elementor-button elementor-size-md\" href=\"https:\/\/www.tierarztmobil.ch\/de\/terminbuchen\/\">\n\t\t\t\t\t\tTermin vereinbaren\t\t\t\t\t<\/a>\n\t\t\t\t\t<\/div>\n\t\t\t\t\t\t\t<\/div>\n\t\t\t\t\t\t<\/div>\n\t\t\t\t\t\t<\/div>\n\t\t\t\t<\/div>\n\t\t\t\t\t<\/div>\n\t\t\t\t<\/div>\n\t\t<div class=\"elementor-element elementor-element-1472e80 e-flex e-con-boxed e-con e-parent\" data-id=\"1472e80\" data-element_type=\"container\" data-e-type=\"container\">\n\t\t\t\t\t<div class=\"e-con-inner\">\n\t\t\t\t<div class=\"elementor-element elementor-element-aa0248e elementor-align-center elementor-widget-mobile__width-inherit elementor-invisible elementor-widget elementor-widget-button\" data-id=\"aa0248e\" data-element_type=\"widget\" data-e-type=\"widget\" data-settings=\"{&quot;_animation&quot;:&quot;fadeInDown&quot;}\" data-widget_type=\"button.default\">\n\t\t\t\t<div class=\"elementor-widget-container\">\n\t\t\t\t\t\t\t\t\t<div class=\"elementor-button-wrapper\">\n\t\t\t\t\t<a class=\"elementor-button elementor-button-link elementor-size-sm\" href=\"https:\/\/www.tierarztmobil.ch\/de\/leistungen-mobile-tierarztpraxis\/einschlaefern-zuhause\/\">\n\t\t\t\t\t\t<span class=\"elementor-button-content-wrapper\">\n\t\t\t\t\t\t\t\t\t<span class=\"elementor-button-text\">Siehe auch: Einschl\u00e4fern zuhause<\/span>\n\t\t\t\t\t<\/span>\n\t\t\t\t\t<\/a>\n\t\t\t\t<\/div>\n\t\t\t\t\t\t\t\t<\/div>\n\t\t\t\t<\/div>\n\t\t\t\t\t<\/div>\n\t\t\t\t<\/div>\n\t\t<div class=\"elementor-element elementor-element-3fb6976 e-flex e-con-boxed e-con e-parent\" data-id=\"3fb6976\" data-element_type=\"container\" data-e-type=\"container\">\n\t\t\t\t\t<div class=\"e-con-inner\">\n\t\t\t\t<div class=\"elementor-element elementor-element-d1fcd9f elementor-align-center elementor-widget-mobile__width-inherit elementor-invisible elementor-widget elementor-widget-button\" data-id=\"d1fcd9f\" data-element_type=\"widget\" data-e-type=\"widget\" data-settings=\"{&quot;_animation&quot;:&quot;fadeInDown&quot;}\" data-widget_type=\"button.default\">\n\t\t\t\t<div class=\"elementor-widget-container\">\n\t\t\t\t\t\t\t\t\t<div class=\"elementor-button-wrapper\">\n\t\t\t\t\t<a class=\"elementor-button elementor-button-link elementor-size-sm\" href=\"https:\/\/www.tierarztmobil.ch\/de\/preisliste\/\">\n\t\t\t\t\t\t<span class=\"elementor-button-content-wrapper\">\n\t\t\t\t\t\t\t\t\t<span class=\"elementor-button-text\">Preisliste<\/span>\n\t\t\t\t\t<\/span>\n\t\t\t\t\t<\/a>\n\t\t\t\t<\/div>\n\t\t\t\t\t\t\t\t<\/div>\n\t\t\t\t<\/div>\n\t\t\t\t\t<\/div>\n\t\t\t\t<\/div>\n\t\t\t\t<\/div>\n\t\t","protected":false},"excerpt":{"rendered":"<p>Senioren- Sprechstunde Unsere Haustiere werden gl\u00fccklicherweise immer \u00e4lter. Ein alter Hund oder eine alte Katze bringt aber ganz neue Bed\u00fcrfnisse und Herausforderungen mit sich.Gemeinsam sorgen wir f\u00fcr die bestm\u00f6gliche Lebensqualit\u00e4t in den &#171;silbernen Jahren&#187;. Download: Fragebogen zur Lebensqualit\u00e4t Katze\/Hund Download: Hat meine Katze Schmerzen? Demenz Nicht nur der K\u00f6rper unserer Haustiere altert, sondern auch der [&hellip;]<\/p>\n","protected":false},"author":1,"featured_media":0,"parent":34,"menu_order":0,"comment_status":"closed","ping_status":"closed","template":"","meta":{"footnotes":""},"class_list":["post-150","page","type-page","status-publish","hentry"],"yoast_head":"<!-- This site is optimized with the Yoast SEO plugin v27.5 - https:\/\/yoast.com\/product\/yoast-seo-wordpress\/ -->\n<title>Seniorensprechstunde - Tierarztmobil Dr. med. vet. Nina R\u00f6singer<\/title>\n<meta name=\"description\" content=\"Mehr Lebensqualit\u00e4t f\u00fcr Ihre alte Katze oder Ihren alten Hund. Im tier\u00e4rztlichen Hausbesuch begleite ich Ihren Senior ganzheitlich.\" \/>\n<meta name=\"robots\" content=\"index, follow, max-snippet:-1, max-image-preview:large, max-video-preview:-1\" \/>\n<link rel=\"canonical\" href=\"https:\/\/www.tierarztmobil.ch\/de\/leistungen-mobile-tierarztpraxis\/alte-katze-alter-hund\/\" \/>\n<meta property=\"og:locale\" content=\"de_DE\" \/>\n<meta property=\"og:type\" content=\"article\" \/>\n<meta property=\"og:title\" content=\"Seniorensprechstunde - Tierarztmobil Dr. med. vet. Nina R\u00f6singer\" \/>\n<meta property=\"og:description\" content=\"Mehr Lebensqualit\u00e4t f\u00fcr Ihre alte Katze oder Ihren alten Hund. Im tier\u00e4rztlichen Hausbesuch begleite ich Ihren Senior ganzheitlich.\" \/>\n<meta property=\"og:url\" content=\"https:\/\/www.tierarztmobil.ch\/de\/leistungen-mobile-tierarztpraxis\/alte-katze-alter-hund\/\" \/>\n<meta property=\"og:site_name\" content=\"Tierarztmobil Dr. med. vet. Nina R\u00f6singer\" \/>\n<meta property=\"article:publisher\" content=\"https:\/\/www.facebook.com\/tierarztmobilNR\" \/>\n<meta property=\"article:modified_time\" content=\"2025-02-04T11:05:20+00:00\" \/>\n<meta property=\"og:image\" content=\"https:\/\/www.tierarztmobil.ch\/wp-content\/uploads\/elementor\/thumbs\/24_09_02_Fotos_HP_Nina_4-scaled-qvr68rqtz3vpl52up3tiu1li5lk303exemw1nol81s.jpg\" \/>\n<meta name=\"twitter:card\" content=\"summary_large_image\" \/>\n<meta name=\"twitter:label1\" content=\"Gesch\u00e4tzte Lesezeit\" \/>\n\t<meta name=\"twitter:data1\" content=\"2\u00a0Minuten\" \/>\n<script type=\"application\/ld+json\" class=\"yoast-schema-graph\">{\"@context\":\"https:\\\/\\\/schema.org\",\"@graph\":[{\"@type\":\"WebPage\",\"@id\":\"https:\\\/\\\/www.tierarztmobil.ch\\\/leistungen-mobile-tierarztpraxis\\\/alte-katze-alter-hund\\\/\",\"url\":\"https:\\\/\\\/www.tierarztmobil.ch\\\/leistungen-mobile-tierarztpraxis\\\/alte-katze-alter-hund\\\/\",\"name\":\"Seniorensprechstunde - Tierarztmobil Dr. med. vet. Nina R\u00f6singer\",\"isPartOf\":{\"@id\":\"https:\\\/\\\/www.tierarztmobil.ch\\\/#website\"},\"primaryImageOfPage\":{\"@id\":\"https:\\\/\\\/www.tierarztmobil.ch\\\/leistungen-mobile-tierarztpraxis\\\/alte-katze-alter-hund\\\/#primaryimage\"},\"image\":{\"@id\":\"https:\\\/\\\/www.tierarztmobil.ch\\\/leistungen-mobile-tierarztpraxis\\\/alte-katze-alter-hund\\\/#primaryimage\"},\"thumbnailUrl\":\"https:\\\/\\\/www.tierarztmobil.ch\\\/wp-content\\\/uploads\\\/elementor\\\/thumbs\\\/24_09_02_Fotos_HP_Nina_4-scaled-qvr68rqtz3vpl52up3tiu1li5lk303exemw1nol81s.jpg\",\"datePublished\":\"2024-09-09T14:47:42+00:00\",\"dateModified\":\"2025-02-04T11:05:20+00:00\",\"description\":\"Mehr Lebensqualit\u00e4t f\u00fcr Ihre alte Katze oder Ihren alten Hund. Im tier\u00e4rztlichen Hausbesuch begleite ich Ihren Senior ganzheitlich.\",\"breadcrumb\":{\"@id\":\"https:\\\/\\\/www.tierarztmobil.ch\\\/leistungen-mobile-tierarztpraxis\\\/alte-katze-alter-hund\\\/#breadcrumb\"},\"inLanguage\":\"de-CH\",\"potentialAction\":[{\"@type\":\"ReadAction\",\"target\":[\"https:\\\/\\\/www.tierarztmobil.ch\\\/leistungen-mobile-tierarztpraxis\\\/alte-katze-alter-hund\\\/\"]}]},{\"@type\":\"ImageObject\",\"inLanguage\":\"de-CH\",\"@id\":\"https:\\\/\\\/www.tierarztmobil.ch\\\/leistungen-mobile-tierarztpraxis\\\/alte-katze-alter-hund\\\/#primaryimage\",\"url\":\"https:\\\/\\\/www.tierarztmobil.ch\\\/wp-content\\\/uploads\\\/elementor\\\/thumbs\\\/24_09_02_Fotos_HP_Nina_4-scaled-qvr68rqtz3vpl52up3tiu1li5lk303exemw1nol81s.jpg\",\"contentUrl\":\"https:\\\/\\\/www.tierarztmobil.ch\\\/wp-content\\\/uploads\\\/elementor\\\/thumbs\\\/24_09_02_Fotos_HP_Nina_4-scaled-qvr68rqtz3vpl52up3tiu1li5lk303exemw1nol81s.jpg\"},{\"@type\":\"BreadcrumbList\",\"@id\":\"https:\\\/\\\/www.tierarztmobil.ch\\\/leistungen-mobile-tierarztpraxis\\\/alte-katze-alter-hund\\\/#breadcrumb\",\"itemListElement\":[{\"@type\":\"ListItem\",\"position\":1,\"name\":\"Home\",\"item\":\"https:\\\/\\\/www.tierarztmobil.ch\\\/\"},{\"@type\":\"ListItem\",\"position\":2,\"name\":\"Leistungen\",\"item\":\"https:\\\/\\\/www.tierarztmobil.ch\\\/leistungen-mobile-tierarztpraxis\\\/\"},{\"@type\":\"ListItem\",\"position\":3,\"name\":\"Seniorensprechstunde\"}]},{\"@type\":\"WebSite\",\"@id\":\"https:\\\/\\\/www.tierarztmobil.ch\\\/#website\",\"url\":\"https:\\\/\\\/www.tierarztmobil.ch\\\/\",\"name\":\"Tierarztmobil Dr. med. vet. Nina R\u00f6singer\",\"description\":\"Ihre Hausbesuchstier\u00e4rztin f\u00fcr Katzen und Hunde.\",\"publisher\":{\"@id\":\"https:\\\/\\\/www.tierarztmobil.ch\\\/#organization\"},\"potentialAction\":[{\"@type\":\"SearchAction\",\"target\":{\"@type\":\"EntryPoint\",\"urlTemplate\":\"https:\\\/\\\/www.tierarztmobil.ch\\\/?s={search_term_string}\"},\"query-input\":{\"@type\":\"PropertyValueSpecification\",\"valueRequired\":true,\"valueName\":\"search_term_string\"}}],\"inLanguage\":\"de-CH\"},{\"@type\":\"Organization\",\"@id\":\"https:\\\/\\\/www.tierarztmobil.ch\\\/#organization\",\"name\":\"Tierarztmobil Dr. med. vet. Nina R\u00f6singer\",\"url\":\"https:\\\/\\\/www.tierarztmobil.ch\\\/\",\"logo\":{\"@type\":\"ImageObject\",\"inLanguage\":\"de-CH\",\"@id\":\"https:\\\/\\\/www.tierarztmobil.ch\\\/#\\\/schema\\\/logo\\\/image\\\/\",\"url\":\"https:\\\/\\\/www.tierarztmobil.ch\\\/wp-content\\\/uploads\\\/2024\\\/09\\\/Logo_Tierarztmobil_Nina-Rosinger_cmyk.webp\",\"contentUrl\":\"https:\\\/\\\/www.tierarztmobil.ch\\\/wp-content\\\/uploads\\\/2024\\\/09\\\/Logo_Tierarztmobil_Nina-Rosinger_cmyk.webp\",\"width\":1920,\"height\":678,\"caption\":\"Tierarztmobil Dr. med. vet. Nina R\u00f6singer\"},\"image\":{\"@id\":\"https:\\\/\\\/www.tierarztmobil.ch\\\/#\\\/schema\\\/logo\\\/image\\\/\"},\"sameAs\":[\"https:\\\/\\\/www.facebook.com\\\/tierarztmobilNR\",\"https:\\\/\\\/www.instagram.com\\\/tierarztmobil\"]}]}<\/script>\n<!-- \/ Yoast SEO plugin. -->","yoast_head_json":{"title":"Seniorensprechstunde - Tierarztmobil Dr. med. vet. Nina R\u00f6singer","description":"Mehr Lebensqualit\u00e4t f\u00fcr Ihre alte Katze oder Ihren alten Hund. Im tier\u00e4rztlichen Hausbesuch begleite ich Ihren Senior ganzheitlich.","robots":{"index":"index","follow":"follow","max-snippet":"max-snippet:-1","max-image-preview":"max-image-preview:large","max-video-preview":"max-video-preview:-1"},"canonical":"https:\/\/www.tierarztmobil.ch\/de\/leistungen-mobile-tierarztpraxis\/alte-katze-alter-hund\/","og_locale":"de_DE","og_type":"article","og_title":"Seniorensprechstunde - Tierarztmobil Dr. med. vet. Nina R\u00f6singer","og_description":"Mehr Lebensqualit\u00e4t f\u00fcr Ihre alte Katze oder Ihren alten Hund. Im tier\u00e4rztlichen Hausbesuch begleite ich Ihren Senior ganzheitlich.","og_url":"https:\/\/www.tierarztmobil.ch\/de\/leistungen-mobile-tierarztpraxis\/alte-katze-alter-hund\/","og_site_name":"Tierarztmobil Dr. med. vet. Nina R\u00f6singer","article_publisher":"https:\/\/www.facebook.com\/tierarztmobilNR","article_modified_time":"2025-02-04T11:05:20+00:00","og_image":[{"url":"https:\/\/www.tierarztmobil.ch\/wp-content\/uploads\/elementor\/thumbs\/24_09_02_Fotos_HP_Nina_4-scaled-qvr68rqtz3vpl52up3tiu1li5lk303exemw1nol81s.jpg","type":"","width":"","height":""}],"twitter_card":"summary_large_image","twitter_misc":{"Gesch\u00e4tzte Lesezeit":"2\u00a0Minuten"},"schema":{"@context":"https:\/\/schema.org","@graph":[{"@type":"WebPage","@id":"https:\/\/www.tierarztmobil.ch\/leistungen-mobile-tierarztpraxis\/alte-katze-alter-hund\/","url":"https:\/\/www.tierarztmobil.ch\/leistungen-mobile-tierarztpraxis\/alte-katze-alter-hund\/","name":"Seniorensprechstunde - Tierarztmobil Dr. med. vet. Nina R\u00f6singer","isPartOf":{"@id":"https:\/\/www.tierarztmobil.ch\/#website"},"primaryImageOfPage":{"@id":"https:\/\/www.tierarztmobil.ch\/leistungen-mobile-tierarztpraxis\/alte-katze-alter-hund\/#primaryimage"},"image":{"@id":"https:\/\/www.tierarztmobil.ch\/leistungen-mobile-tierarztpraxis\/alte-katze-alter-hund\/#primaryimage"},"thumbnailUrl":"https:\/\/www.tierarztmobil.ch\/wp-content\/uploads\/elementor\/thumbs\/24_09_02_Fotos_HP_Nina_4-scaled-qvr68rqtz3vpl52up3tiu1li5lk303exemw1nol81s.jpg","datePublished":"2024-09-09T14:47:42+00:00","dateModified":"2025-02-04T11:05:20+00:00","description":"Mehr Lebensqualit\u00e4t f\u00fcr Ihre alte Katze oder Ihren alten Hund. Im tier\u00e4rztlichen Hausbesuch begleite ich Ihren Senior ganzheitlich.","breadcrumb":{"@id":"https:\/\/www.tierarztmobil.ch\/leistungen-mobile-tierarztpraxis\/alte-katze-alter-hund\/#breadcrumb"},"inLanguage":"de-CH","potentialAction":[{"@type":"ReadAction","target":["https:\/\/www.tierarztmobil.ch\/leistungen-mobile-tierarztpraxis\/alte-katze-alter-hund\/"]}]},{"@type":"ImageObject","inLanguage":"de-CH","@id":"https:\/\/www.tierarztmobil.ch\/leistungen-mobile-tierarztpraxis\/alte-katze-alter-hund\/#primaryimage","url":"https:\/\/www.tierarztmobil.ch\/wp-content\/uploads\/elementor\/thumbs\/24_09_02_Fotos_HP_Nina_4-scaled-qvr68rqtz3vpl52up3tiu1li5lk303exemw1nol81s.jpg","contentUrl":"https:\/\/www.tierarztmobil.ch\/wp-content\/uploads\/elementor\/thumbs\/24_09_02_Fotos_HP_Nina_4-scaled-qvr68rqtz3vpl52up3tiu1li5lk303exemw1nol81s.jpg"},{"@type":"BreadcrumbList","@id":"https:\/\/www.tierarztmobil.ch\/leistungen-mobile-tierarztpraxis\/alte-katze-alter-hund\/#breadcrumb","itemListElement":[{"@type":"ListItem","position":1,"name":"Home","item":"https:\/\/www.tierarztmobil.ch\/"},{"@type":"ListItem","position":2,"name":"Leistungen","item":"https:\/\/www.tierarztmobil.ch\/leistungen-mobile-tierarztpraxis\/"},{"@type":"ListItem","position":3,"name":"Seniorensprechstunde"}]},{"@type":"WebSite","@id":"https:\/\/www.tierarztmobil.ch\/#website","url":"https:\/\/www.tierarztmobil.ch\/","name":"Tierarztmobil Dr. med. vet. Nina R\u00f6singer","description":"Ihre Hausbesuchstier\u00e4rztin f\u00fcr Katzen und Hunde.","publisher":{"@id":"https:\/\/www.tierarztmobil.ch\/#organization"},"potentialAction":[{"@type":"SearchAction","target":{"@type":"EntryPoint","urlTemplate":"https:\/\/www.tierarztmobil.ch\/?s={search_term_string}"},"query-input":{"@type":"PropertyValueSpecification","valueRequired":true,"valueName":"search_term_string"}}],"inLanguage":"de-CH"},{"@type":"Organization","@id":"https:\/\/www.tierarztmobil.ch\/#organization","name":"Tierarztmobil Dr. med. vet. Nina R\u00f6singer","url":"https:\/\/www.tierarztmobil.ch\/","logo":{"@type":"ImageObject","inLanguage":"de-CH","@id":"https:\/\/www.tierarztmobil.ch\/#\/schema\/logo\/image\/","url":"https:\/\/www.tierarztmobil.ch\/wp-content\/uploads\/2024\/09\/Logo_Tierarztmobil_Nina-Rosinger_cmyk.webp","contentUrl":"https:\/\/www.tierarztmobil.ch\/wp-content\/uploads\/2024\/09\/Logo_Tierarztmobil_Nina-Rosinger_cmyk.webp","width":1920,"height":678,"caption":"Tierarztmobil Dr. med. vet. Nina R\u00f6singer"},"image":{"@id":"https:\/\/www.tierarztmobil.ch\/#\/schema\/logo\/image\/"},"sameAs":["https:\/\/www.facebook.com\/tierarztmobilNR","https:\/\/www.instagram.com\/tierarztmobil"]}]}},"_links":{"self":[{"href":"https:\/\/www.tierarztmobil.ch\/de\/wp-json\/wp\/v2\/pages\/150","targetHints":{"allow":["GET"]}}],"collection":[{"href":"https:\/\/www.tierarztmobil.ch\/de\/wp-json\/wp\/v2\/pages"}],"about":[{"href":"https:\/\/www.tierarztmobil.ch\/de\/wp-json\/wp\/v2\/types\/page"}],"author":[{"embeddable":true,"href":"https:\/\/www.tierarztmobil.ch\/de\/wp-json\/wp\/v2\/users\/1"}],"replies":[{"embeddable":true,"href":"https:\/\/www.tierarztmobil.ch\/de\/wp-json\/wp\/v2\/comments?post=150"}],"version-history":[{"count":25,"href":"https:\/\/www.tierarztmobil.ch\/de\/wp-json\/wp\/v2\/pages\/150\/revisions"}],"predecessor-version":[{"id":1138,"href":"https:\/\/www.tierarztmobil.ch\/de\/wp-json\/wp\/v2\/pages\/150\/revisions\/1138"}],"up":[{"embeddable":true,"href":"https:\/\/www.tierarztmobil.ch\/de\/wp-json\/wp\/v2\/pages\/34"}],"wp:attachment":[{"href":"https:\/\/www.tierarztmobil.ch\/de\/wp-json\/wp\/v2\/media?parent=150"}],"curies":[{"name":"wp","href":"https:\/\/api.w.org\/{rel}","templated":true}]}}