{"id":875,"date":"2024-11-25T16:18:30","date_gmt":"2024-11-25T15:18:30","guid":{"rendered":"https:\/\/www.tierarztmobil.ch\/?page_id=875"},"modified":"2024-12-23T20:09:54","modified_gmt":"2024-12-23T19:09:54","slug":"tierarzt-in-der-naehe","status":"publish","type":"page","link":"https:\/\/www.tierarztmobil.ch\/de\/leistungen-mobile-tierarztpraxis\/tierarzt-in-der-naehe\/","title":{"rendered":"Tierarzt in der N\u00e4he"},"content":{"rendered":"\t\t<div data-elementor-type=\"wp-page\" data-elementor-id=\"875\" class=\"elementor elementor-875\" data-elementor-post-type=\"page\">\n\t\t\t\t<div class=\"elementor-element elementor-element-3a6c6d39 e-con-full e-flex e-con e-parent\" data-id=\"3a6c6d39\" data-element_type=\"container\" data-e-type=\"container\">\n\t\t<div class=\"elementor-element elementor-element-25810874 e-con-full e-flex e-con e-child\" data-id=\"25810874\" data-element_type=\"container\" data-e-type=\"container\" data-settings=\"{&quot;background_background&quot;:&quot;classic&quot;}\">\n\t\t\t\t<div class=\"elementor-element elementor-element-9367dd9 elementor-widget elementor-widget-image\" data-id=\"9367dd9\" data-element_type=\"widget\" data-e-type=\"widget\" data-widget_type=\"image.default\">\n\t\t\t\t<div class=\"elementor-widget-container\">\n\t\t\t\t\t\t\t\t\t\t\t\t\t\t\t<img fetchpriority=\"high\" decoding=\"async\" width=\"800\" height=\"534\" src=\"https:\/\/www.tierarztmobil.ch\/wp-content\/uploads\/2024\/10\/24_09_02_Fotos_HP_Nina_46-1024x683.webp\" class=\"attachment-large size-large wp-image-485\" alt=\"Mobile Tier\u00e4rztin h\u00f6rt Katze mit Stethoskop ab\" srcset=\"https:\/\/www.tierarztmobil.ch\/wp-content\/uploads\/2024\/10\/24_09_02_Fotos_HP_Nina_46-1024x683.webp 1024w, https:\/\/www.tierarztmobil.ch\/wp-content\/uploads\/2024\/10\/24_09_02_Fotos_HP_Nina_46-300x200.webp 300w, https:\/\/www.tierarztmobil.ch\/wp-content\/uploads\/2024\/10\/24_09_02_Fotos_HP_Nina_46-768x512.webp 768w, https:\/\/www.tierarztmobil.ch\/wp-content\/uploads\/2024\/10\/24_09_02_Fotos_HP_Nina_46-1536x1024.webp 1536w, https:\/\/www.tierarztmobil.ch\/wp-content\/uploads\/2024\/10\/24_09_02_Fotos_HP_Nina_46-scaled.webp 1920w, https:\/\/www.tierarztmobil.ch\/wp-content\/uploads\/2024\/10\/24_09_02_Fotos_HP_Nina_46-18x12.webp 18w\" sizes=\"(max-width: 800px) 100vw, 800px\" \/>\t\t\t\t\t\t\t\t\t\t\t\t\t\t\t<\/div>\n\t\t\t\t<\/div>\n\t\t\t\t<\/div>\n\t\t<div class=\"elementor-element elementor-element-73cb59ad e-con-full e-flex e-con e-child\" data-id=\"73cb59ad\" data-element_type=\"container\" data-e-type=\"container\">\n\t\t\t\t<div class=\"elementor-element elementor-element-1b28316a elementor-widget elementor-widget-heading\" data-id=\"1b28316a\" data-element_type=\"widget\" data-e-type=\"widget\" data-widget_type=\"heading.default\">\n\t\t\t\t<div class=\"elementor-widget-container\">\n\t\t\t\t\t<h1 class=\"elementor-heading-title elementor-size-default\">Tier\u00e4rztin <br>in der N\u00e4he?<\/h1>\t\t\t\t<\/div>\n\t\t\t\t<\/div>\n\t\t\t\t<div class=\"elementor-element elementor-element-6cce3241 elementor-widget elementor-widget-text-editor\" data-id=\"6cce3241\" data-element_type=\"widget\" data-e-type=\"widget\" data-widget_type=\"text-editor.default\">\n\t\t\t\t<div class=\"elementor-widget-container\">\n\t\t\t\t\t\t\t\t\t<div id=\"bgLayers_comp-la2kuv30\" class=\"MW5IWV\" data-hook=\"bgLayers\" data-motion-part=\"BG_LAYER\"><span style=\"color: var( --e-global-color-text ); font-family: var( --e-global-typography-text-font-family ), Sans-serif; font-size: var( --e-global-typography-text-font-size ); font-style: var( --e-global-typography-text-font-style ); font-weight: var( --e-global-typography-text-font-weight ); letter-spacing: var( --e-global-typography-text-letter-spacing ); text-transform: var( --e-global-typography-text-text-transform ); text-align: var(--text-align); background-color: var( --e-global-color-c696dce );\">Wie w\u00e4r&#8217;s stattdessen mit einer Tier\u00e4rztin bei Ihnen zuhause? <\/span><span style=\"color: var( --e-global-color-text ); font-family: var( --e-global-typography-text-font-family ), Sans-serif; font-size: var( --e-global-typography-text-font-size ); font-style: var( --e-global-typography-text-font-style ); font-weight: var( --e-global-typography-text-font-weight ); letter-spacing: var( --e-global-typography-text-letter-spacing ); text-transform: var( --e-global-typography-text-text-transform ); text-align: var(--text-align); background-color: var( --e-global-color-c696dce );\">Als mobile Tier\u00e4rztin behandle Ihre Katze oder Ihren Hund in Ihren eigenen vier W\u00e4nden.<\/span><\/div><div class=\"\" data-mesh-id=\"comp-la2kuv30inlineContent\" data-testid=\"inline-content\"><div data-mesh-id=\"comp-la2kuv30inlineContent-gridContainer\" data-testid=\"mesh-container-content\"><section id=\"comp-kuzmcngn\" class=\"comp-kuzmcngn CohWsy wixui-column-strip\"><div class=\"V5AUxf\" data-testid=\"columns\"><div id=\"comp-kuzmcnhe\" class=\"comp-kuzmcnhe YzqVVZ wixui-column-strip__column\"><div class=\"\" data-mesh-id=\"comp-kuzmcnheinlineContent\" data-testid=\"inline-content\"><div data-mesh-id=\"comp-kuzmcnheinlineContent-gridContainer\" data-testid=\"mesh-container-content\"><div id=\"comp-livtzvbm\" class=\"MazNVa comp-livtzvbm wixui-image\"><div class=\"j7pOnl\" data-testid=\"linkElement\"><span style=\"color: var( --e-global-color-text ); font-family: var( --e-global-typography-text-font-family ), Sans-serif; font-size: var( --e-global-typography-text-font-size ); font-style: var( --e-global-typography-text-font-style ); font-weight: var( --e-global-typography-text-font-weight ); letter-spacing: var( --e-global-typography-text-letter-spacing ); text-transform: var( --e-global-typography-text-text-transform ); text-align: var(--text-align); background-color: var( --e-global-color-c696dce );\">Das bedeutet weniger Stress f\u00fcr Sie und f\u00fcr Ihren vierbeinigen Liebling.\u00a0<\/span><\/div><div class=\"j7pOnl\" data-testid=\"linkElement\">\u00a0<\/div><div class=\"j7pOnl\" data-testid=\"linkElement\">Sind Sie neugierig, was eine Tier\u00e4rztin f\u00fcr Hausbesuche zuhause alles abdecken kann? Schauen Sie mal bei den <a href=\"https:\/\/www.tierarztmobil.ch\/leistungen\/\">Leistungen<\/a> nach.<\/div><\/div><\/div><\/div><\/div><\/div><\/section><\/div><\/div>\t\t\t\t\t\t\t\t<\/div>\n\t\t\t\t<\/div>\n\t\t\t\t<\/div>\n\t\t\t\t<\/div>\n\t\t<div class=\"elementor-element elementor-element-4192949 e-grid e-con-boxed e-con e-parent\" data-id=\"4192949\" data-element_type=\"container\" data-e-type=\"container\">\n\t\t\t\t\t<div class=\"e-con-inner\">\n\t\t\t\t<div class=\"elementor-element elementor-element-2248839 elementor-align-center elementor-widget-mobile__width-inherit elementor-invisible elementor-widget elementor-widget-button\" data-id=\"2248839\" data-element_type=\"widget\" data-e-type=\"widget\" data-settings=\"{&quot;_animation&quot;:&quot;fadeInDown&quot;}\" data-widget_type=\"button.default\">\n\t\t\t\t<div class=\"elementor-widget-container\">\n\t\t\t\t\t\t\t\t\t<div class=\"elementor-button-wrapper\">\n\t\t\t\t\t<a class=\"elementor-button elementor-button-link elementor-size-sm\" href=\"https:\/\/www.tierarztmobil.ch\/de\/leistungen-mobile-tierarztpraxis\/impfungen-katze-hund\/\">\n\t\t\t\t\t\t<span class=\"elementor-button-content-wrapper\">\n\t\t\t\t\t\t\t\t\t<span class=\"elementor-button-text\">Impfungen und Vorsorge<\/span>\n\t\t\t\t\t<\/span>\n\t\t\t\t\t<\/a>\n\t\t\t\t<\/div>\n\t\t\t\t\t\t\t\t<\/div>\n\t\t\t\t<\/div>\n\t\t\t\t<div class=\"elementor-element elementor-element-b703280 elementor-align-center elementor-widget-mobile__width-inherit elementor-invisible elementor-widget elementor-widget-button\" data-id=\"b703280\" data-element_type=\"widget\" data-e-type=\"widget\" data-settings=\"{&quot;_animation&quot;:&quot;fadeInDown&quot;}\" data-widget_type=\"button.default\">\n\t\t\t\t<div class=\"elementor-widget-container\">\n\t\t\t\t\t\t\t\t\t<div class=\"elementor-button-wrapper\">\n\t\t\t\t\t<a class=\"elementor-button elementor-button-link elementor-size-sm\" href=\"https:\/\/www.tierarztmobil.ch\/de\/leistungen-mobile-tierarztpraxis\/tierarzt-hausbesuch\/\">\n\t\t\t\t\t\t<span class=\"elementor-button-content-wrapper\">\n\t\t\t\t\t\t\t\t\t<span class=\"elementor-button-text\">Medizinische Grundversorgung<\/span>\n\t\t\t\t\t<\/span>\n\t\t\t\t\t<\/a>\n\t\t\t\t<\/div>\n\t\t\t\t\t\t\t\t<\/div>\n\t\t\t\t<\/div>\n\t\t\t\t<div class=\"elementor-element elementor-element-f14d409 elementor-align-center elementor-widget-mobile__width-inherit elementor-invisible elementor-widget elementor-widget-button\" data-id=\"f14d409\" data-element_type=\"widget\" data-e-type=\"widget\" data-settings=\"{&quot;_animation&quot;:&quot;fadeInDown&quot;}\" data-widget_type=\"button.default\">\n\t\t\t\t<div class=\"elementor-widget-container\">\n\t\t\t\t\t\t\t\t\t<div class=\"elementor-button-wrapper\">\n\t\t\t\t\t<a class=\"elementor-button elementor-button-link elementor-size-sm\" href=\"https:\/\/www.tierarztmobil.ch\/de\/leistungen-mobile-tierarztpraxis\/alte-katze-alter-hund\/\">\n\t\t\t\t\t\t<span class=\"elementor-button-content-wrapper\">\n\t\t\t\t\t\t\t\t\t<span class=\"elementor-button-text\">Seniorensprechstunde<\/span>\n\t\t\t\t\t<\/span>\n\t\t\t\t\t<\/a>\n\t\t\t\t<\/div>\n\t\t\t\t\t\t\t\t<\/div>\n\t\t\t\t<\/div>\n\t\t\t\t<div class=\"elementor-element elementor-element-39de0eb elementor-align-center elementor-widget-mobile__width-inherit elementor-invisible elementor-widget elementor-widget-button\" data-id=\"39de0eb\" data-element_type=\"widget\" data-e-type=\"widget\" data-settings=\"{&quot;_animation&quot;:&quot;fadeInDown&quot;}\" data-widget_type=\"button.default\">\n\t\t\t\t<div class=\"elementor-widget-container\">\n\t\t\t\t\t\t\t\t\t<div class=\"elementor-button-wrapper\">\n\t\t\t\t\t<a class=\"elementor-button elementor-button-link elementor-size-sm\" href=\"https:\/\/www.tierarztmobil.ch\/de\/leistungen-mobile-tierarztpraxis\/einschlaefern-zuhause\/\">\n\t\t\t\t\t\t<span class=\"elementor-button-content-wrapper\">\n\t\t\t\t\t\t\t\t\t<span class=\"elementor-button-text\">Einschl\u00e4fern zuhause<\/span>\n\t\t\t\t\t<\/span>\n\t\t\t\t\t<\/a>\n\t\t\t\t<\/div>\n\t\t\t\t\t\t\t\t<\/div>\n\t\t\t\t<\/div>\n\t\t\t\t<div class=\"elementor-element elementor-element-bd1007f elementor-align-center elementor-widget-mobile__width-inherit elementor-invisible elementor-widget elementor-widget-button\" data-id=\"bd1007f\" data-element_type=\"widget\" data-e-type=\"widget\" data-settings=\"{&quot;_animation&quot;:&quot;fadeInDown&quot;}\" data-widget_type=\"button.default\">\n\t\t\t\t<div class=\"elementor-widget-container\">\n\t\t\t\t\t\t\t\t\t<div class=\"elementor-button-wrapper\">\n\t\t\t\t\t<a class=\"elementor-button elementor-button-link elementor-size-sm\" href=\"https:\/\/www.tierarztmobil.ch\/de\/preisliste\/\">\n\t\t\t\t\t\t<span class=\"elementor-button-content-wrapper\">\n\t\t\t\t\t\t\t\t\t<span class=\"elementor-button-text\">Preisliste<\/span>\n\t\t\t\t\t<\/span>\n\t\t\t\t\t<\/a>\n\t\t\t\t<\/div>\n\t\t\t\t\t\t\t\t<\/div>\n\t\t\t\t<\/div>\n\t\t\t\t<div class=\"elementor-element elementor-element-cf99cb5 elementor-align-center elementor-widget-mobile__width-inherit elementor-invisible elementor-widget elementor-widget-button\" data-id=\"cf99cb5\" data-element_type=\"widget\" data-e-type=\"widget\" data-settings=\"{&quot;_animation&quot;:&quot;fadeInDown&quot;}\" data-widget_type=\"button.default\">\n\t\t\t\t<div class=\"elementor-widget-container\">\n\t\t\t\t\t\t\t\t\t<div class=\"elementor-button-wrapper\">\n\t\t\t\t\t<a class=\"elementor-button elementor-button-link elementor-size-sm\" href=\"https:\/\/www.tierarztmobil.ch\/de\/uebermich\/\">\n\t\t\t\t\t\t<span class=\"elementor-button-content-wrapper\">\n\t\t\t\t\t\t\t\t\t<span class=\"elementor-button-text\">\u00dcber mich<\/span>\n\t\t\t\t\t<\/span>\n\t\t\t\t\t<\/a>\n\t\t\t\t<\/div>\n\t\t\t\t\t\t\t\t<\/div>\n\t\t\t\t<\/div>\n\t\t\t\t\t<\/div>\n\t\t\t\t<\/div>\n\t\t\t\t<\/div>\n\t\t","protected":false},"excerpt":{"rendered":"<p>Tier\u00e4rztin in der N\u00e4he? Wie w\u00e4r&#8217;s stattdessen mit einer Tier\u00e4rztin bei Ihnen zuhause? Als mobile Tier\u00e4rztin behandle Ihre Katze oder Ihren Hund in Ihren eigenen vier W\u00e4nden. Das bedeutet weniger Stress f\u00fcr Sie und f\u00fcr Ihren vierbeinigen Liebling.\u00a0\u00a0Sind Sie neugierig, was eine Tier\u00e4rztin f\u00fcr Hausbesuche zuhause alles abdecken kann? Schauen Sie mal bei den Leistungen [&hellip;]<\/p>\n","protected":false},"author":1,"featured_media":0,"parent":34,"menu_order":0,"comment_status":"closed","ping_status":"closed","template":"elementor_theme","meta":{"footnotes":""},"class_list":["post-875","page","type-page","status-publish","hentry"],"yoast_head":"<!-- This site is optimized with the Yoast SEO plugin v27.3 - https:\/\/yoast.com\/product\/yoast-seo-wordpress\/ -->\n<title>Tierarzt in der N\u00e4he - Tierarztmobil Dr. med. vet. Nina R\u00f6singer<\/title>\n<meta name=\"description\" content=\"Sie suchen einen Tierarzt in Ihrer N\u00e4he? Wie w\u00e4r&#039;s, wenn die Tier\u00e4rztin stattdessen zu Ihnen kommt? Tier\u00e4rztin f\u00fcr Hausbesuche.\" \/>\n<meta name=\"robots\" content=\"index, follow, max-snippet:-1, max-image-preview:large, max-video-preview:-1\" \/>\n<link rel=\"canonical\" href=\"https:\/\/www.tierarztmobil.ch\/de\/leistungen-mobile-tierarztpraxis\/tierarzt-in-der-naehe\/\" \/>\n<meta property=\"og:locale\" content=\"de_DE\" \/>\n<meta property=\"og:type\" content=\"article\" \/>\n<meta property=\"og:title\" content=\"Tierarzt in der N\u00e4he - Tierarztmobil Dr. med. vet. Nina R\u00f6singer\" \/>\n<meta property=\"og:description\" content=\"Sie suchen einen Tierarzt in Ihrer N\u00e4he? Wie w\u00e4r&#039;s, wenn die Tier\u00e4rztin stattdessen zu Ihnen kommt? Tier\u00e4rztin f\u00fcr Hausbesuche.\" \/>\n<meta property=\"og:url\" content=\"https:\/\/www.tierarztmobil.ch\/de\/leistungen-mobile-tierarztpraxis\/tierarzt-in-der-naehe\/\" \/>\n<meta property=\"og:site_name\" content=\"Tierarztmobil Dr. med. vet. Nina R\u00f6singer\" \/>\n<meta property=\"article:publisher\" content=\"https:\/\/www.facebook.com\/tierarztmobilNR\" \/>\n<meta property=\"article:modified_time\" content=\"2024-12-23T19:09:54+00:00\" \/>\n<meta property=\"og:image\" content=\"https:\/\/www.tierarztmobil.ch\/wp-content\/uploads\/2024\/10\/24_09_02_Fotos_HP_Nina_46-1024x683.webp\" \/>\n<meta name=\"twitter:card\" content=\"summary_large_image\" \/>\n<meta name=\"twitter:label1\" content=\"Gesch\u00e4tzte Lesezeit\" \/>\n\t<meta name=\"twitter:data1\" content=\"1\u00a0Minute\" \/>\n<script type=\"application\/ld+json\" class=\"yoast-schema-graph\">{\"@context\":\"https:\\\/\\\/schema.org\",\"@graph\":[{\"@type\":\"WebPage\",\"@id\":\"https:\\\/\\\/www.tierarztmobil.ch\\\/leistungen-mobile-tierarztpraxis\\\/tierarzt-in-der-naehe\\\/\",\"url\":\"https:\\\/\\\/www.tierarztmobil.ch\\\/leistungen-mobile-tierarztpraxis\\\/tierarzt-in-der-naehe\\\/\",\"name\":\"Tierarzt in der N\u00e4he - Tierarztmobil Dr. med. vet. Nina R\u00f6singer\",\"isPartOf\":{\"@id\":\"https:\\\/\\\/www.tierarztmobil.ch\\\/#website\"},\"primaryImageOfPage\":{\"@id\":\"https:\\\/\\\/www.tierarztmobil.ch\\\/leistungen-mobile-tierarztpraxis\\\/tierarzt-in-der-naehe\\\/#primaryimage\"},\"image\":{\"@id\":\"https:\\\/\\\/www.tierarztmobil.ch\\\/leistungen-mobile-tierarztpraxis\\\/tierarzt-in-der-naehe\\\/#primaryimage\"},\"thumbnailUrl\":\"https:\\\/\\\/www.tierarztmobil.ch\\\/wp-content\\\/uploads\\\/2024\\\/10\\\/24_09_02_Fotos_HP_Nina_46-1024x683.webp\",\"datePublished\":\"2024-11-25T15:18:30+00:00\",\"dateModified\":\"2024-12-23T19:09:54+00:00\",\"description\":\"Sie suchen einen Tierarzt in Ihrer N\u00e4he? Wie w\u00e4r's, wenn die Tier\u00e4rztin stattdessen zu Ihnen kommt? Tier\u00e4rztin f\u00fcr Hausbesuche.\",\"breadcrumb\":{\"@id\":\"https:\\\/\\\/www.tierarztmobil.ch\\\/leistungen-mobile-tierarztpraxis\\\/tierarzt-in-der-naehe\\\/#breadcrumb\"},\"inLanguage\":\"de-CH\",\"potentialAction\":[{\"@type\":\"ReadAction\",\"target\":[\"https:\\\/\\\/www.tierarztmobil.ch\\\/leistungen-mobile-tierarztpraxis\\\/tierarzt-in-der-naehe\\\/\"]}]},{\"@type\":\"ImageObject\",\"inLanguage\":\"de-CH\",\"@id\":\"https:\\\/\\\/www.tierarztmobil.ch\\\/leistungen-mobile-tierarztpraxis\\\/tierarzt-in-der-naehe\\\/#primaryimage\",\"url\":\"https:\\\/\\\/www.tierarztmobil.ch\\\/wp-content\\\/uploads\\\/2024\\\/10\\\/24_09_02_Fotos_HP_Nina_46-1024x683.webp\",\"contentUrl\":\"https:\\\/\\\/www.tierarztmobil.ch\\\/wp-content\\\/uploads\\\/2024\\\/10\\\/24_09_02_Fotos_HP_Nina_46-1024x683.webp\"},{\"@type\":\"BreadcrumbList\",\"@id\":\"https:\\\/\\\/www.tierarztmobil.ch\\\/leistungen-mobile-tierarztpraxis\\\/tierarzt-in-der-naehe\\\/#breadcrumb\",\"itemListElement\":[{\"@type\":\"ListItem\",\"position\":1,\"name\":\"Home\",\"item\":\"https:\\\/\\\/www.tierarztmobil.ch\\\/\"},{\"@type\":\"ListItem\",\"position\":2,\"name\":\"Leistungen\",\"item\":\"https:\\\/\\\/www.tierarztmobil.ch\\\/leistungen-mobile-tierarztpraxis\\\/\"},{\"@type\":\"ListItem\",\"position\":3,\"name\":\"Tierarzt in der N\u00e4he\"}]},{\"@type\":\"WebSite\",\"@id\":\"https:\\\/\\\/www.tierarztmobil.ch\\\/#website\",\"url\":\"https:\\\/\\\/www.tierarztmobil.ch\\\/\",\"name\":\"Tierarztmobil Dr. med. vet. Nina R\u00f6singer\",\"description\":\"Ihre Hausbesuchstier\u00e4rztin f\u00fcr Katzen und Hunde.\",\"publisher\":{\"@id\":\"https:\\\/\\\/www.tierarztmobil.ch\\\/#organization\"},\"potentialAction\":[{\"@type\":\"SearchAction\",\"target\":{\"@type\":\"EntryPoint\",\"urlTemplate\":\"https:\\\/\\\/www.tierarztmobil.ch\\\/?s={search_term_string}\"},\"query-input\":{\"@type\":\"PropertyValueSpecification\",\"valueRequired\":true,\"valueName\":\"search_term_string\"}}],\"inLanguage\":\"de-CH\"},{\"@type\":\"Organization\",\"@id\":\"https:\\\/\\\/www.tierarztmobil.ch\\\/#organization\",\"name\":\"Tierarztmobil Dr. med. vet. Nina R\u00f6singer\",\"url\":\"https:\\\/\\\/www.tierarztmobil.ch\\\/\",\"logo\":{\"@type\":\"ImageObject\",\"inLanguage\":\"de-CH\",\"@id\":\"https:\\\/\\\/www.tierarztmobil.ch\\\/#\\\/schema\\\/logo\\\/image\\\/\",\"url\":\"https:\\\/\\\/www.tierarztmobil.ch\\\/wp-content\\\/uploads\\\/2024\\\/09\\\/Logo_Tierarztmobil_Nina-Rosinger_cmyk.webp\",\"contentUrl\":\"https:\\\/\\\/www.tierarztmobil.ch\\\/wp-content\\\/uploads\\\/2024\\\/09\\\/Logo_Tierarztmobil_Nina-Rosinger_cmyk.webp\",\"width\":1920,\"height\":678,\"caption\":\"Tierarztmobil Dr. med. vet. Nina R\u00f6singer\"},\"image\":{\"@id\":\"https:\\\/\\\/www.tierarztmobil.ch\\\/#\\\/schema\\\/logo\\\/image\\\/\"},\"sameAs\":[\"https:\\\/\\\/www.facebook.com\\\/tierarztmobilNR\",\"https:\\\/\\\/www.instagram.com\\\/tierarztmobil\"]}]}<\/script>\n<!-- \/ Yoast SEO plugin. -->","yoast_head_json":{"title":"Tierarzt in der N\u00e4he - Tierarztmobil Dr. med. vet. Nina R\u00f6singer","description":"Sie suchen einen Tierarzt in Ihrer N\u00e4he? Wie w\u00e4r's, wenn die Tier\u00e4rztin stattdessen zu Ihnen kommt? Tier\u00e4rztin f\u00fcr Hausbesuche.","robots":{"index":"index","follow":"follow","max-snippet":"max-snippet:-1","max-image-preview":"max-image-preview:large","max-video-preview":"max-video-preview:-1"},"canonical":"https:\/\/www.tierarztmobil.ch\/de\/leistungen-mobile-tierarztpraxis\/tierarzt-in-der-naehe\/","og_locale":"de_DE","og_type":"article","og_title":"Tierarzt in der N\u00e4he - Tierarztmobil Dr. med. vet. Nina R\u00f6singer","og_description":"Sie suchen einen Tierarzt in Ihrer N\u00e4he? Wie w\u00e4r's, wenn die Tier\u00e4rztin stattdessen zu Ihnen kommt? Tier\u00e4rztin f\u00fcr Hausbesuche.","og_url":"https:\/\/www.tierarztmobil.ch\/de\/leistungen-mobile-tierarztpraxis\/tierarzt-in-der-naehe\/","og_site_name":"Tierarztmobil Dr. med. vet. Nina R\u00f6singer","article_publisher":"https:\/\/www.facebook.com\/tierarztmobilNR","article_modified_time":"2024-12-23T19:09:54+00:00","og_image":[{"url":"https:\/\/www.tierarztmobil.ch\/wp-content\/uploads\/2024\/10\/24_09_02_Fotos_HP_Nina_46-1024x683.webp","type":"","width":"","height":""}],"twitter_card":"summary_large_image","twitter_misc":{"Gesch\u00e4tzte Lesezeit":"1\u00a0Minute"},"schema":{"@context":"https:\/\/schema.org","@graph":[{"@type":"WebPage","@id":"https:\/\/www.tierarztmobil.ch\/leistungen-mobile-tierarztpraxis\/tierarzt-in-der-naehe\/","url":"https:\/\/www.tierarztmobil.ch\/leistungen-mobile-tierarztpraxis\/tierarzt-in-der-naehe\/","name":"Tierarzt in der N\u00e4he - Tierarztmobil Dr. med. vet. Nina R\u00f6singer","isPartOf":{"@id":"https:\/\/www.tierarztmobil.ch\/#website"},"primaryImageOfPage":{"@id":"https:\/\/www.tierarztmobil.ch\/leistungen-mobile-tierarztpraxis\/tierarzt-in-der-naehe\/#primaryimage"},"image":{"@id":"https:\/\/www.tierarztmobil.ch\/leistungen-mobile-tierarztpraxis\/tierarzt-in-der-naehe\/#primaryimage"},"thumbnailUrl":"https:\/\/www.tierarztmobil.ch\/wp-content\/uploads\/2024\/10\/24_09_02_Fotos_HP_Nina_46-1024x683.webp","datePublished":"2024-11-25T15:18:30+00:00","dateModified":"2024-12-23T19:09:54+00:00","description":"Sie suchen einen Tierarzt in Ihrer N\u00e4he? Wie w\u00e4r's, wenn die Tier\u00e4rztin stattdessen zu Ihnen kommt? Tier\u00e4rztin f\u00fcr Hausbesuche.","breadcrumb":{"@id":"https:\/\/www.tierarztmobil.ch\/leistungen-mobile-tierarztpraxis\/tierarzt-in-der-naehe\/#breadcrumb"},"inLanguage":"de-CH","potentialAction":[{"@type":"ReadAction","target":["https:\/\/www.tierarztmobil.ch\/leistungen-mobile-tierarztpraxis\/tierarzt-in-der-naehe\/"]}]},{"@type":"ImageObject","inLanguage":"de-CH","@id":"https:\/\/www.tierarztmobil.ch\/leistungen-mobile-tierarztpraxis\/tierarzt-in-der-naehe\/#primaryimage","url":"https:\/\/www.tierarztmobil.ch\/wp-content\/uploads\/2024\/10\/24_09_02_Fotos_HP_Nina_46-1024x683.webp","contentUrl":"https:\/\/www.tierarztmobil.ch\/wp-content\/uploads\/2024\/10\/24_09_02_Fotos_HP_Nina_46-1024x683.webp"},{"@type":"BreadcrumbList","@id":"https:\/\/www.tierarztmobil.ch\/leistungen-mobile-tierarztpraxis\/tierarzt-in-der-naehe\/#breadcrumb","itemListElement":[{"@type":"ListItem","position":1,"name":"Home","item":"https:\/\/www.tierarztmobil.ch\/"},{"@type":"ListItem","position":2,"name":"Leistungen","item":"https:\/\/www.tierarztmobil.ch\/leistungen-mobile-tierarztpraxis\/"},{"@type":"ListItem","position":3,"name":"Tierarzt in der N\u00e4he"}]},{"@type":"WebSite","@id":"https:\/\/www.tierarztmobil.ch\/#website","url":"https:\/\/www.tierarztmobil.ch\/","name":"Tierarztmobil Dr. med. vet. Nina R\u00f6singer","description":"Ihre Hausbesuchstier\u00e4rztin f\u00fcr Katzen und Hunde.","publisher":{"@id":"https:\/\/www.tierarztmobil.ch\/#organization"},"potentialAction":[{"@type":"SearchAction","target":{"@type":"EntryPoint","urlTemplate":"https:\/\/www.tierarztmobil.ch\/?s={search_term_string}"},"query-input":{"@type":"PropertyValueSpecification","valueRequired":true,"valueName":"search_term_string"}}],"inLanguage":"de-CH"},{"@type":"Organization","@id":"https:\/\/www.tierarztmobil.ch\/#organization","name":"Tierarztmobil Dr. med. vet. Nina R\u00f6singer","url":"https:\/\/www.tierarztmobil.ch\/","logo":{"@type":"ImageObject","inLanguage":"de-CH","@id":"https:\/\/www.tierarztmobil.ch\/#\/schema\/logo\/image\/","url":"https:\/\/www.tierarztmobil.ch\/wp-content\/uploads\/2024\/09\/Logo_Tierarztmobil_Nina-Rosinger_cmyk.webp","contentUrl":"https:\/\/www.tierarztmobil.ch\/wp-content\/uploads\/2024\/09\/Logo_Tierarztmobil_Nina-Rosinger_cmyk.webp","width":1920,"height":678,"caption":"Tierarztmobil Dr. med. vet. Nina R\u00f6singer"},"image":{"@id":"https:\/\/www.tierarztmobil.ch\/#\/schema\/logo\/image\/"},"sameAs":["https:\/\/www.facebook.com\/tierarztmobilNR","https:\/\/www.instagram.com\/tierarztmobil"]}]}},"_links":{"self":[{"href":"https:\/\/www.tierarztmobil.ch\/de\/wp-json\/wp\/v2\/pages\/875","targetHints":{"allow":["GET"]}}],"collection":[{"href":"https:\/\/www.tierarztmobil.ch\/de\/wp-json\/wp\/v2\/pages"}],"about":[{"href":"https:\/\/www.tierarztmobil.ch\/de\/wp-json\/wp\/v2\/types\/page"}],"author":[{"embeddable":true,"href":"https:\/\/www.tierarztmobil.ch\/de\/wp-json\/wp\/v2\/users\/1"}],"replies":[{"embeddable":true,"href":"https:\/\/www.tierarztmobil.ch\/de\/wp-json\/wp\/v2\/comments?post=875"}],"version-history":[{"count":8,"href":"https:\/\/www.tierarztmobil.ch\/de\/wp-json\/wp\/v2\/pages\/875\/revisions"}],"predecessor-version":[{"id":1020,"href":"https:\/\/www.tierarztmobil.ch\/de\/wp-json\/wp\/v2\/pages\/875\/revisions\/1020"}],"up":[{"embeddable":true,"href":"https:\/\/www.tierarztmobil.ch\/de\/wp-json\/wp\/v2\/pages\/34"}],"wp:attachment":[{"href":"https:\/\/www.tierarztmobil.ch\/de\/wp-json\/wp\/v2\/media?parent=875"}],"curies":[{"name":"wp","href":"https:\/\/api.w.org\/{rel}","templated":true}]}}