{"id":370,"date":"2024-10-09T19:12:16","date_gmt":"2024-10-09T19:12:16","guid":{"rendered":"https:\/\/www.tierarztmobil.ch\/?page_id=370"},"modified":"2025-12-31T16:43:20","modified_gmt":"2025-12-31T15:43:20","slug":"preisliste","status":"publish","type":"page","link":"https:\/\/www.tierarztmobil.ch\/en\/preisliste\/","title":{"rendered":"Prices"},"content":{"rendered":"<div data-elementor-type=\"wp-page\" data-elementor-id=\"370\" class=\"elementor elementor-370\" data-elementor-post-type=\"page\">\n\t\t\t\t<div class=\"elementor-element elementor-element-5299d7c e-flex e-con-boxed e-con e-parent\" data-id=\"5299d7c\" data-element_type=\"container\" data-e-type=\"container\">\n\t\t\t\t\t<div class=\"e-con-inner\">\n\t\t\t\t<div class=\"elementor-element elementor-element-ec42bd7 elementor-widget elementor-widget-heading\" data-id=\"ec42bd7\" data-element_type=\"widget\" data-e-type=\"widget\" data-widget_type=\"heading.default\">\n\t\t\t\t<div class=\"elementor-widget-container\">\n\t\t\t\t\t<h1 class=\"elementor-heading-title elementor-size-default\">Prices 2026 for in-home veterinary services<\/h1>\t\t\t\t<\/div>\n\t\t\t\t<\/div>\n\t\t\t\t\t<\/div>\n\t\t\t\t<\/div>\n\t\t<div class=\"elementor-element elementor-element-d825247 e-flex e-con-boxed e-con e-parent\" data-id=\"d825247\" data-element_type=\"container\" data-e-type=\"container\">\n\t\t\t\t\t<div class=\"e-con-inner\">\n\t\t\t\t<div class=\"elementor-element elementor-element-db4d107 elementor-widget elementor-widget-text-editor\" data-id=\"db4d107\" data-element_type=\"widget\" data-e-type=\"widget\" data-widget_type=\"text-editor.default\">\n\t\t\t\t<div class=\"elementor-widget-container\">\n\t\t\t\t\t\t\t\t\t<table width=\"699\"><tbody><tr><td width=\"586\"><p><strong>Service<\/strong><\/p><\/td><td width=\"113\"><p><strong>Price in CHF<\/strong><\/p><\/td><\/tr><tr><td width=\"586\"><p><strong>House call fee\u00a0<\/strong><\/p><p><strong>(per housecall, regardless of number of pets treated) <\/strong><\/p><\/td><td width=\"113\"><p><strong>\u00a0<\/strong><\/p><\/td><\/tr><tr><td width=\"586\"><p>*Einsiedeln, Egg, Bennau, Willerzell, Euthal, Gross, Trachslau<\/p><\/td><td width=\"113\"><p>50.-<\/p><\/td><\/tr><tr><td width=\"586\"><p>*Bezirk Horgen (Adliswil, Horgen, Kilchberg, Langnau, Oberrieden, R\u00fcschlikon, Thalwil, Richterswil, W\u00e4denswil) and Bezirk H\u00f6fe (Feusisberg, Freienbach, Wollerau)<\/p><\/td><td width=\"113\"><p>70.-<\/p><\/td><\/tr><tr><td width=\"586\"><p>*ausserhalb der oben genannten Gebiete aber innerhalb Kerngebiet (Unter-\/Oberiberg; Rothenturm, Sattel; Bezirk Affoltern; Lachen SZ; Wangen, Siebnen; Gemeinden Zug, \u00c4geri, Menzingen, Neuheim, Baar)<\/p><\/td><td width=\"113\"><p>90.-<\/p><\/td><\/tr><tr><td width=\"586\"><p>*outside serviced area, by agreement<\/p><\/td><td width=\"113\"><p>ab 140.-<\/p><\/td><\/tr><tr><td width=\"586\">\u00a0<\/td><td width=\"113\">\u00a0<\/td><\/tr><tr><td width=\"586\"><p><strong>Consultation fee, per 30 minutes or part thereof<\/strong><\/p><\/td><td width=\"113\">\u00a0<\/td><\/tr><tr><td width=\"586\"><p>Consultation dog\/cat<\/p><\/td><td width=\"113\"><p>59.-<\/p><\/td><\/tr><tr><td width=\"586\"><p>Phone consultation, per 15 minutes or part thereof<\/p><\/td><td width=\"113\"><p>38.-<\/p><\/td><\/tr><tr><td width=\"586\"><p>Issue of prescription<\/p><\/td><td width=\"113\"><p>29.-<\/p><\/td><\/tr><tr><td width=\"586\"><p>Supplemental fee for emergency consults (evenings, weekends)\u00a0\u00a0\u00a0\u00a0\u00a0\u00a0\u00a0\u00a0\u00a0\u00a0\u00a0\u00a0<\/p><\/td><td width=\"113\"><p>150.-<\/p><\/td><\/tr><tr><td width=\"586\">\u00a0<\/td><td width=\"113\">\u00a0<\/td><\/tr><tr><td width=\"586\"><p><strong>Special examination<\/strong><\/p><\/td><td width=\"113\">\u00a0<\/td><\/tr><tr><td width=\"586\"><p>Special examination (e.g. orthopedic exam, ophthalmological exam , neurologic exam, pain analysis)<\/p><\/td><td width=\"113\"><p>35.-<\/p><\/td><\/tr><tr><td width=\"586\"><p>Otoskopie<\/p><\/td><td width=\"113\"><p>27.-<\/p><\/td><\/tr><tr><td width=\"586\"><p>Blutdruckmessung<\/p><\/td><td width=\"113\"><p>49.-<\/p><\/td><\/tr><tr><td width=\"586\">\u00a0<\/td><td width=\"113\">\u00a0<\/td><\/tr><tr><td width=\"586\"><p><strong>Microchipping <\/strong><\/p><\/td><td width=\"113\"><p><strong>\u00a0<\/strong><\/p><\/td><\/tr><tr><td width=\"586\"><p>Microchipping and registration in Amicus\/Anis database<\/p><\/td><td width=\"113\"><p>93.-<\/p><\/td><\/tr><tr><td width=\"586\"><p>Registration in Amicus\/Anis database<\/p><\/td><td width=\"113\"><p>64.-<\/p><\/td><\/tr><tr><td width=\"586\"><p>Issuing of pet passport<\/p><\/td><td width=\"113\"><p>37.-<\/p><\/td><\/tr><tr><td width=\"586\">\u00a0<\/td><td width=\"113\">\u00a0<\/td><\/tr><tr><td width=\"586\"><p><strong>Vaccinations for dogs<\/strong><\/p><p><strong>(including: consult, update of vaccination booklet, personalized vaccination and deworming plan)<\/strong><\/p><\/td><td width=\"113\">\u00a0<\/td><\/tr><tr><td width=\"586\"><p>Combination vaccines (DHPPi \/ Pi and Leptospirosis)<\/p><\/td><td width=\"113\"><p>89.-<\/p><\/td><\/tr><tr><td width=\"586\"><p>Leptospirosis only<\/p><\/td><td width=\"113\"><p>81.-<\/p><\/td><\/tr><tr><td width=\"586\"><p>Kennel cough - Parainfluenza\/Bordetella (additional nasal vaccine) additionally to combination vaccine<\/p><\/td><td width=\"113\"><p>49.-<\/p><\/td><\/tr><tr><td width=\"586\"><p>Kennel cough - Parainfluenza\/Bordetella (additional nasal vaccine) as stand-alone vaccine<\/p><\/td><td width=\"113\"><p>84.-<\/p><\/td><\/tr><tr><td width=\"586\"><p>Rabies<\/p><\/td><td width=\"113\"><p>79.-<\/p><\/td><\/tr><tr><td width=\"586\">\u00a0<\/td><td width=\"113\">\u00a0<\/td><\/tr><tr><td width=\"586\"><p><strong>Vaccinations for cats<\/strong><\/p><p><strong>(including: consult, update of vaccination booklet, personalized vaccination and deworming plan)<\/strong><\/p><\/td><td width=\"113\">\u00a0<\/td><\/tr><tr><td width=\"586\"><p>Panleukopenia \/ Herpes \/ Calicivirus<\/p><\/td><td width=\"113\"><p>89.-<\/p><\/td><\/tr><tr><td width=\"586\"><p>Katzenseuche \/ Katzenschnupfen und Leuk\u00e4mievirus (FeLV)<\/p><\/td><td width=\"113\"><p>106.-<\/p><\/td><\/tr><tr><td width=\"586\"><p>Leuk\u00e4mievirus (FeLV)<\/p><\/td><td width=\"113\"><p>95.-<\/p><\/td><\/tr><tr><td width=\"586\"><p>Rabies<\/p><\/td><td width=\"113\"><p>79.-<\/p><\/td><\/tr><tr><td width=\"586\"><p>FeLV- und FIV-Test (Bluttest, z.B. vor der ersten Leuk\u00e4mievirusimpfung)<\/p><\/td><td width=\"113\"><p>63.-<\/p><\/td><\/tr><tr><td width=\"586\">\u00a0<\/td><td width=\"113\">\u00a0<\/td><\/tr><tr><td width=\"586\"><p><strong>Euthanasia<\/strong><\/p><p><strong>(including: phone consult, consult, required drugs<\/strong><strong>, 1 paw print as keepsake, coordination with crematorium, deregistration from Anis\/Amicus database)<\/strong><\/p><\/td><td width=\"113\">\u00a0<\/td><\/tr><tr><td width=\"586\"><p>Euthanasie Katze<\/p><\/td><td width=\"113\"><p>226.-<\/p><\/td><\/tr><tr><td width=\"586\"><p>Euthanasia dog under 15 kg<\/p><\/td><td width=\"113\"><p>289.-<\/p><\/td><\/tr><tr><td width=\"586\"><p>Euthanasia dog over 15 kg<\/p><\/td><td width=\"113\"><p>349.-<\/p><\/td><\/tr><tr><td width=\"586\"><p>Euthanasia rabbit\/rodent<\/p><\/td><td width=\"113\"><p>140.-<\/p><\/td><\/tr><tr><td width=\"586\"><p>Abtransport f\u00fcr Kremation oder Entsorgung Tierk\u00f6rper, je nach Tiergr\u00f6sse<\/p><\/td><td width=\"113\"><p>45 \u2013 80.-<\/p><\/td><\/tr><tr><td width=\"586\">\u00a0<\/td><td width=\"113\">\u00a0<\/td><\/tr><tr><td width=\"586\"><p><strong>Diagnostic tools, varia<\/strong><\/p><\/td><td width=\"113\">\u00a0<\/td><\/tr><tr><td width=\"586\"><p>Fluorscein eye dye test<\/p><\/td><td width=\"113\"><p>17<span style=\"font-size: 0.9em; letter-spacing: -0.4px;\">.-<\/span><\/p><\/td><\/tr><tr><td width=\"586\"><p>Blood draw<\/p><\/td><td width=\"113\"><p>49.-<\/p><\/td><\/tr><tr><td width=\"586\"><p>Fine needle aspirate (e.g. of a skin tumor), for each localisation<\/p><\/td><td width=\"113\"><p>39.-<\/p><\/td><\/tr><tr><td width=\"586\"><p>Wound care, depending on complexity<\/p><\/td><td width=\"113\"><p>20 \u2013 50.-<\/p><\/td><\/tr><tr><td width=\"586\"><p>Grooming (clipping of matted fur), per 30 minutes or part thereof<\/p><\/td><td width=\"113\"><p>62.-<\/p><\/td><\/tr><tr><td width=\"586\"><p>Nail trim<\/p><\/td><td width=\"113\"><p>33.-<\/p><\/td><\/tr><\/tbody><\/table><p>Please pay total amount due directly at the house call.<\/p><p>I accept cards (Maestro or similar, credit cards except AmericanExpress) or TWINT.\u00a0<\/p><p>In case of short-term (under 24h) cancellation you will be charged the house call fee only. Thank you for your understanding.<\/p>\t\t\t\t\t\t\t\t<\/div>\n\t\t\t\t<\/div>\n\t\t\t\t\t<\/div>\n\t\t\t\t<\/div>\n\t\t\t\t<\/div>","protected":false},"excerpt":{"rendered":"<p>Preise 2026 &#8211; Tier\u00e4rztin f\u00fcr Hausbesuche Leistung Preis in CHF Hausbesuchspauschale\u00a0 (pro Hausbesuch 1x f\u00e4llig, unabh\u00e4ngig von Anzahl behandelter Tiere) \u00a0 *Einsiedeln, Egg, Bennau, Willerzell, Euthal, Gross, Trachslau 50.- *Bezirk Horgen (Adliswil, Horgen, Kilchberg, Langnau, Oberrieden, R\u00fcschlikon, Thalwil, Richterswil, W\u00e4denswil) und Bezirk H\u00f6fe (Feusisberg, Freienbach, Wollerau) 70.- *ausserhalb der oben genannten Gebiete aber innerhalb Kerngebiet [&hellip;]<\/p>\n","protected":false},"author":1,"featured_media":0,"parent":0,"menu_order":0,"comment_status":"closed","ping_status":"closed","template":"elementor_theme","meta":{"footnotes":""},"class_list":["post-370","page","type-page","status-publish","hentry"],"yoast_head":"<!-- This site is optimized with the Yoast SEO plugin v27.5 - https:\/\/yoast.com\/product\/yoast-seo-wordpress\/ -->\n<title>Preisliste - Tierarztmobil Dr. med. vet. Nina R\u00f6singer<\/title>\n<meta name=\"description\" content=\"Sie suchen eine Tier\u00e4rztin f\u00fcr Hausbesuche? In der Preisliste finden Sie eine \u00dcbersicht \u00fcber meine Leistungen f\u00fcr Ihre Katze und Ihren Hund.\" \/>\n<meta name=\"robots\" content=\"index, follow, max-snippet:-1, max-image-preview:large, max-video-preview:-1\" \/>\n<link rel=\"canonical\" href=\"https:\/\/www.tierarztmobil.ch\/en\/preisliste\/\" \/>\n<meta property=\"og:locale\" content=\"en_US\" \/>\n<meta property=\"og:type\" content=\"article\" \/>\n<meta property=\"og:title\" content=\"Preisliste - Tierarztmobil Dr. med. vet. Nina R\u00f6singer\" \/>\n<meta property=\"og:description\" content=\"Sie suchen eine Tier\u00e4rztin f\u00fcr Hausbesuche? In der Preisliste finden Sie eine \u00dcbersicht \u00fcber meine Leistungen f\u00fcr Ihre Katze und Ihren Hund.\" \/>\n<meta property=\"og:url\" content=\"https:\/\/www.tierarztmobil.ch\/en\/preisliste\/\" \/>\n<meta property=\"og:site_name\" content=\"Tierarztmobil Dr. med. vet. Nina R\u00f6singer\" \/>\n<meta property=\"article:publisher\" content=\"https:\/\/www.facebook.com\/tierarztmobilNR\" \/>\n<meta property=\"article:modified_time\" content=\"2025-12-31T15:43:20+00:00\" \/>\n<meta property=\"og:image\" content=\"https:\/\/www.tierarztmobil.ch\/wp-content\/uploads\/2024\/10\/24_09_02_Fotos_HP_Nina_46-scaled.webp\" \/>\n\t<meta property=\"og:image:width\" content=\"1920\" \/>\n\t<meta property=\"og:image:height\" content=\"1280\" \/>\n\t<meta property=\"og:image:type\" content=\"image\/webp\" \/>\n<meta name=\"twitter:card\" content=\"summary_large_image\" \/>\n<meta name=\"twitter:label1\" content=\"Est. reading time\" \/>\n\t<meta name=\"twitter:data1\" content=\"2 minutes\" \/>\n<script type=\"application\/ld+json\" class=\"yoast-schema-graph\">{\"@context\":\"https:\\\/\\\/schema.org\",\"@graph\":[{\"@type\":\"WebPage\",\"@id\":\"https:\\\/\\\/www.tierarztmobil.ch\\\/preisliste\\\/\",\"url\":\"https:\\\/\\\/www.tierarztmobil.ch\\\/preisliste\\\/\",\"name\":\"Preisliste - Tierarztmobil Dr. med. vet. Nina R\u00f6singer\",\"isPartOf\":{\"@id\":\"https:\\\/\\\/www.tierarztmobil.ch\\\/#website\"},\"datePublished\":\"2024-10-09T19:12:16+00:00\",\"dateModified\":\"2025-12-31T15:43:20+00:00\",\"description\":\"Sie suchen eine Tier\u00e4rztin f\u00fcr Hausbesuche? In der Preisliste finden Sie eine \u00dcbersicht \u00fcber meine Leistungen f\u00fcr Ihre Katze und Ihren Hund.\",\"breadcrumb\":{\"@id\":\"https:\\\/\\\/www.tierarztmobil.ch\\\/preisliste\\\/#breadcrumb\"},\"inLanguage\":\"en-US\",\"potentialAction\":[{\"@type\":\"ReadAction\",\"target\":[\"https:\\\/\\\/www.tierarztmobil.ch\\\/preisliste\\\/\"]}]},{\"@type\":\"BreadcrumbList\",\"@id\":\"https:\\\/\\\/www.tierarztmobil.ch\\\/preisliste\\\/#breadcrumb\",\"itemListElement\":[{\"@type\":\"ListItem\",\"position\":1,\"name\":\"Home\",\"item\":\"https:\\\/\\\/www.tierarztmobil.ch\\\/\"},{\"@type\":\"ListItem\",\"position\":2,\"name\":\"Preisliste\"}]},{\"@type\":\"WebSite\",\"@id\":\"https:\\\/\\\/www.tierarztmobil.ch\\\/#website\",\"url\":\"https:\\\/\\\/www.tierarztmobil.ch\\\/\",\"name\":\"Tierarztmobil Dr. med. vet. Nina R\u00f6singer\",\"description\":\"Ihre Hausbesuchstier\u00e4rztin f\u00fcr Katzen und Hunde.\",\"publisher\":{\"@id\":\"https:\\\/\\\/www.tierarztmobil.ch\\\/#organization\"},\"potentialAction\":[{\"@type\":\"SearchAction\",\"target\":{\"@type\":\"EntryPoint\",\"urlTemplate\":\"https:\\\/\\\/www.tierarztmobil.ch\\\/?s={search_term_string}\"},\"query-input\":{\"@type\":\"PropertyValueSpecification\",\"valueRequired\":true,\"valueName\":\"search_term_string\"}}],\"inLanguage\":\"en-US\"},{\"@type\":\"Organization\",\"@id\":\"https:\\\/\\\/www.tierarztmobil.ch\\\/#organization\",\"name\":\"Tierarztmobil Dr. med. vet. Nina R\u00f6singer\",\"url\":\"https:\\\/\\\/www.tierarztmobil.ch\\\/\",\"logo\":{\"@type\":\"ImageObject\",\"inLanguage\":\"en-US\",\"@id\":\"https:\\\/\\\/www.tierarztmobil.ch\\\/#\\\/schema\\\/logo\\\/image\\\/\",\"url\":\"https:\\\/\\\/www.tierarztmobil.ch\\\/wp-content\\\/uploads\\\/2024\\\/09\\\/Logo_Tierarztmobil_Nina-Rosinger_cmyk.webp\",\"contentUrl\":\"https:\\\/\\\/www.tierarztmobil.ch\\\/wp-content\\\/uploads\\\/2024\\\/09\\\/Logo_Tierarztmobil_Nina-Rosinger_cmyk.webp\",\"width\":1920,\"height\":678,\"caption\":\"Tierarztmobil Dr. med. vet. Nina R\u00f6singer\"},\"image\":{\"@id\":\"https:\\\/\\\/www.tierarztmobil.ch\\\/#\\\/schema\\\/logo\\\/image\\\/\"},\"sameAs\":[\"https:\\\/\\\/www.facebook.com\\\/tierarztmobilNR\",\"https:\\\/\\\/www.instagram.com\\\/tierarztmobil\"]}]}<\/script>\n<!-- \/ Yoast SEO plugin. -->","yoast_head_json":{"title":"Preisliste - Tierarztmobil Dr. med. vet. Nina R\u00f6singer","description":"Sie suchen eine Tier\u00e4rztin f\u00fcr Hausbesuche? In der Preisliste finden Sie eine \u00dcbersicht \u00fcber meine Leistungen f\u00fcr Ihre Katze und Ihren Hund.","robots":{"index":"index","follow":"follow","max-snippet":"max-snippet:-1","max-image-preview":"max-image-preview:large","max-video-preview":"max-video-preview:-1"},"canonical":"https:\/\/www.tierarztmobil.ch\/en\/preisliste\/","og_locale":"en_US","og_type":"article","og_title":"Preisliste - Tierarztmobil Dr. med. vet. Nina R\u00f6singer","og_description":"Sie suchen eine Tier\u00e4rztin f\u00fcr Hausbesuche? In der Preisliste finden Sie eine \u00dcbersicht \u00fcber meine Leistungen f\u00fcr Ihre Katze und Ihren Hund.","og_url":"https:\/\/www.tierarztmobil.ch\/en\/preisliste\/","og_site_name":"Tierarztmobil Dr. med. vet. Nina R\u00f6singer","article_publisher":"https:\/\/www.facebook.com\/tierarztmobilNR","article_modified_time":"2025-12-31T15:43:20+00:00","og_image":[{"width":1920,"height":1280,"url":"https:\/\/www.tierarztmobil.ch\/wp-content\/uploads\/2024\/10\/24_09_02_Fotos_HP_Nina_46-scaled.webp","type":"image\/webp"}],"twitter_card":"summary_large_image","twitter_misc":{"Est. reading time":"2 minutes"},"schema":{"@context":"https:\/\/schema.org","@graph":[{"@type":"WebPage","@id":"https:\/\/www.tierarztmobil.ch\/preisliste\/","url":"https:\/\/www.tierarztmobil.ch\/preisliste\/","name":"Preisliste - Tierarztmobil Dr. med. vet. Nina R\u00f6singer","isPartOf":{"@id":"https:\/\/www.tierarztmobil.ch\/#website"},"datePublished":"2024-10-09T19:12:16+00:00","dateModified":"2025-12-31T15:43:20+00:00","description":"Sie suchen eine Tier\u00e4rztin f\u00fcr Hausbesuche? In der Preisliste finden Sie eine \u00dcbersicht \u00fcber meine Leistungen f\u00fcr Ihre Katze und Ihren Hund.","breadcrumb":{"@id":"https:\/\/www.tierarztmobil.ch\/preisliste\/#breadcrumb"},"inLanguage":"en-US","potentialAction":[{"@type":"ReadAction","target":["https:\/\/www.tierarztmobil.ch\/preisliste\/"]}]},{"@type":"BreadcrumbList","@id":"https:\/\/www.tierarztmobil.ch\/preisliste\/#breadcrumb","itemListElement":[{"@type":"ListItem","position":1,"name":"Home","item":"https:\/\/www.tierarztmobil.ch\/"},{"@type":"ListItem","position":2,"name":"Preisliste"}]},{"@type":"WebSite","@id":"https:\/\/www.tierarztmobil.ch\/#website","url":"https:\/\/www.tierarztmobil.ch\/","name":"Tierarztmobil Dr. med. vet. Nina R\u00f6singer","description":"Ihre Hausbesuchstier\u00e4rztin f\u00fcr Katzen und Hunde.","publisher":{"@id":"https:\/\/www.tierarztmobil.ch\/#organization"},"potentialAction":[{"@type":"SearchAction","target":{"@type":"EntryPoint","urlTemplate":"https:\/\/www.tierarztmobil.ch\/?s={search_term_string}"},"query-input":{"@type":"PropertyValueSpecification","valueRequired":true,"valueName":"search_term_string"}}],"inLanguage":"en-US"},{"@type":"Organization","@id":"https:\/\/www.tierarztmobil.ch\/#organization","name":"Tierarztmobil Dr. med. vet. Nina R\u00f6singer","url":"https:\/\/www.tierarztmobil.ch\/","logo":{"@type":"ImageObject","inLanguage":"en-US","@id":"https:\/\/www.tierarztmobil.ch\/#\/schema\/logo\/image\/","url":"https:\/\/www.tierarztmobil.ch\/wp-content\/uploads\/2024\/09\/Logo_Tierarztmobil_Nina-Rosinger_cmyk.webp","contentUrl":"https:\/\/www.tierarztmobil.ch\/wp-content\/uploads\/2024\/09\/Logo_Tierarztmobil_Nina-Rosinger_cmyk.webp","width":1920,"height":678,"caption":"Tierarztmobil Dr. med. vet. Nina R\u00f6singer"},"image":{"@id":"https:\/\/www.tierarztmobil.ch\/#\/schema\/logo\/image\/"},"sameAs":["https:\/\/www.facebook.com\/tierarztmobilNR","https:\/\/www.instagram.com\/tierarztmobil"]}]}},"_links":{"self":[{"href":"https:\/\/www.tierarztmobil.ch\/en\/wp-json\/wp\/v2\/pages\/370","targetHints":{"allow":["GET"]}}],"collection":[{"href":"https:\/\/www.tierarztmobil.ch\/en\/wp-json\/wp\/v2\/pages"}],"about":[{"href":"https:\/\/www.tierarztmobil.ch\/en\/wp-json\/wp\/v2\/types\/page"}],"author":[{"embeddable":true,"href":"https:\/\/www.tierarztmobil.ch\/en\/wp-json\/wp\/v2\/users\/1"}],"replies":[{"embeddable":true,"href":"https:\/\/www.tierarztmobil.ch\/en\/wp-json\/wp\/v2\/comments?post=370"}],"version-history":[{"count":25,"href":"https:\/\/www.tierarztmobil.ch\/en\/wp-json\/wp\/v2\/pages\/370\/revisions"}],"predecessor-version":[{"id":1237,"href":"https:\/\/www.tierarztmobil.ch\/en\/wp-json\/wp\/v2\/pages\/370\/revisions\/1237"}],"wp:attachment":[{"href":"https:\/\/www.tierarztmobil.ch\/en\/wp-json\/wp\/v2\/media?parent=370"}],"curies":[{"name":"wp","href":"https:\/\/api.w.org\/{rel}","templated":true}]}}